{"id":5388,"date":"2023-12-01T09:07:26","date_gmt":"2023-12-01T09:07:26","guid":{"rendered":"https:\/\/wpachem.com\/?post_type=product&#038;p=5388"},"modified":"2023-12-01T09:07:26","modified_gmt":"2023-12-01T09:07:26","slug":"cineole-cas-406-67-7","status":"publish","type":"product","link":"https:\/\/wpachem.com\/es\/producto\/cineole-cas-406-67-7\/","title":{"rendered":"Cineol CAS 406-67-7"},"content":{"rendered":"<p><strong>Caracteristica<\/strong><\/p>\n<p>El cineol es un compuesto monoterp\u00e9nico bic\u00edclico. Se encuentra principalmente en el eucalipto, las laur\u00e1ceas, la salvia, la lavanda, el tomillo, el romero y otras plantas de la familia de las labi\u00e1ceas. En los \u00faltimos a\u00f1os, tambi\u00e9n se ha encontrado en muchos hongos end\u00f3fitos de las plantas.<\/p>\n<p><strong>Solicitud<\/strong><\/p>\n<p>Tiene m\u00faltiples actividades farmacol\u00f3gicas, como repelentes, antibacterianas y antiinflamatorias, y se utiliza en el tratamiento de la sarna, enfermedades gastrointestinales, enfermedades inflamatorias de las v\u00edas respiratorias e inflamaciones asociadas a enfermedades neurodegenerativas. Tambi\u00e9n tiene efectos reductores de la presi\u00f3n arterial, protectores del h\u00edgado y antitumorales, y se utiliza ampliamente en los campos de la medicina, la alimentaci\u00f3n y la cosm\u00e9tica.<\/p>","protected":false},"excerpt":{"rendered":"<p>Nombre del producto: Cineol<br \/>\nN.\u00ba CAS: 406-67-7<br \/>\nN\u00famero de modelo: C4H5BrCl3F<br \/>\nAspecto: L\u00edquido aceitoso incoloro a amarillo claro.<\/p>","protected":false},"featured_media":4756,"template":"","meta":{"_acf_changed":false,"_gspb_post_css":""},"product_brand":[],"product_cat":[61],"product_tag":[],"class_list":{"0":"post-5388","1":"product","2":"type-product","3":"status-publish","4":"has-post-thumbnail","6":"product_cat-flavor-and-fragrance","8":"first","9":"instock","10":"shipping-taxable","11":"product-type-simple"},"acf":[],"_links":{"self":[{"href":"https:\/\/wpachem.com\/es\/wp-json\/wp\/v2\/product\/5388","targetHints":{"allow":["GET"]}}],"collection":[{"href":"https:\/\/wpachem.com\/es\/wp-json\/wp\/v2\/product"}],"about":[{"href":"https:\/\/wpachem.com\/es\/wp-json\/wp\/v2\/types\/product"}],"version-history":[{"count":0,"href":"https:\/\/wpachem.com\/es\/wp-json\/wp\/v2\/product\/5388\/revisions"}],"wp:featuredmedia":[{"embeddable":true,"href":"https:\/\/wpachem.com\/es\/wp-json\/wp\/v2\/media\/4756"}],"wp:attachment":[{"href":"https:\/\/wpachem.com\/es\/wp-json\/wp\/v2\/media?parent=5388"}],"wp:term":[{"taxonomy":"product_brand","embeddable":true,"href":"https:\/\/wpachem.com\/es\/wp-json\/wp\/v2\/product_brand?post=5388"},{"taxonomy":"product_cat","embeddable":true,"href":"https:\/\/wpachem.com\/es\/wp-json\/wp\/v2\/product_cat?post=5388"},{"taxonomy":"product_tag","embeddable":true,"href":"https:\/\/wpachem.com\/es\/wp-json\/wp\/v2\/product_tag?post=5388"}],"curies":[{"name":"wp","href":"https:\/\/api.w.org\/{rel}","templated":true}]}}