{"id":5392,"date":"2023-12-04T07:50:07","date_gmt":"2023-12-04T07:50:07","guid":{"rendered":"https:\/\/wpachem.com\/?post_type=product&#038;p=5392"},"modified":"2023-12-04T07:50:07","modified_gmt":"2023-12-04T07:50:07","slug":"citronella-acid-ester-cas-150-84-5","status":"publish","type":"product","link":"https:\/\/wpachem.com\/es\/producto\/citronella-acid-ester-cas-150-84-5\/","title":{"rendered":"\u00c9ster de \u00e1cido de citronela CAS 150-84-5"},"content":{"rendered":"<p><strong>Caracter\u00edstica<\/strong><\/p>\n<p>L\u00edquido incoloro con un intenso aroma a rosas y notas de albaricoque, similar al aceite de lim\u00f3n. Punto de ebullici\u00f3n: 229 \u00b0C, rotaci\u00f3n [\u03b1]D: 1\u00b015&#039; ~ +2\u00b018&#039;. Soluble en etanol y la mayor\u00eda de los aceites no vol\u00e1tiles, insoluble en propilenglicol, glicerina y agua. Existen productos naturales en m\u00e1s de 20 aceites esenciales, como el aceite de citronela y el aceite de geranio.<\/p>\n<p><strong>Solicitud<\/strong><\/p>\n<ol>\n<li>La norma GB 2760\u20131996 especifica el uso permitido de especias comestibles. Se utilizan principalmente para preparar sabores a rosa, lavanda, manzana, pl\u00e1tano, albaricoque y c\u00edtricos. Tambi\u00e9n se utilizan en mayonesa, aderezos para ensaladas y salsas.<\/li>\n<li>Tiene un aroma dulce y afrutado, ideal para combinar con rosas y claveles. Se puede usar en peque\u00f1as cantidades para endulzar sabores como osmanto, lavanda, lila, lirio de los valles, loto y peon\u00eda. En aromas como hojas arom\u00e1ticas, ra\u00edz de chiriv\u00eda, orqu\u00eddea de coraz\u00f3n simple, lim\u00f3n fragante Chemicalbook, c\u00edtricos, Zhanlong y otros aromas no florales y aldeh\u00eddos, tambi\u00e9n aporta un sabor fresco, dulce y afrutado. Se puede usar en aromas alimentarios como manzana, albaricoque, pl\u00e1tano, pomelo y lim\u00f3n.<\/li>\n<li>Se utiliza para preparar aromas qu\u00edmicos diarios de rosa, lavanda y otros.<\/li>\n<\/ol>\n<p><strong>Embalaje y almacenamiento<\/strong><\/p>\n<p>Guardar el envase bien cerrado en un lugar seco, fresco y bien ventilado. Almacenar alejado de envases de alimentos o materiales incompatibles.<\/p>","protected":false},"excerpt":{"rendered":"<p>Nombre del producto: \u00c9ster \u00e1cido de citronela<br \/>\nN.\u00ba CAS: 150-84-5<br \/>\nN\u00famero de modelo: C12H20O2<br \/>\nAspecto: L\u00edquido incoloro con un fuerte aroma a rosa.<\/p>","protected":false},"featured_media":4816,"template":"","meta":{"_acf_changed":false,"_gspb_post_css":""},"product_brand":[],"product_cat":[61],"product_tag":[],"class_list":{"0":"post-5392","1":"product","2":"type-product","3":"status-publish","4":"has-post-thumbnail","6":"product_cat-flavor-and-fragrance","8":"first","9":"instock","10":"shipping-taxable","11":"product-type-simple"},"acf":[],"_links":{"self":[{"href":"https:\/\/wpachem.com\/es\/wp-json\/wp\/v2\/product\/5392","targetHints":{"allow":["GET"]}}],"collection":[{"href":"https:\/\/wpachem.com\/es\/wp-json\/wp\/v2\/product"}],"about":[{"href":"https:\/\/wpachem.com\/es\/wp-json\/wp\/v2\/types\/product"}],"version-history":[{"count":0,"href":"https:\/\/wpachem.com\/es\/wp-json\/wp\/v2\/product\/5392\/revisions"}],"wp:featuredmedia":[{"embeddable":true,"href":"https:\/\/wpachem.com\/es\/wp-json\/wp\/v2\/media\/4816"}],"wp:attachment":[{"href":"https:\/\/wpachem.com\/es\/wp-json\/wp\/v2\/media?parent=5392"}],"wp:term":[{"taxonomy":"product_brand","embeddable":true,"href":"https:\/\/wpachem.com\/es\/wp-json\/wp\/v2\/product_brand?post=5392"},{"taxonomy":"product_cat","embeddable":true,"href":"https:\/\/wpachem.com\/es\/wp-json\/wp\/v2\/product_cat?post=5392"},{"taxonomy":"product_tag","embeddable":true,"href":"https:\/\/wpachem.com\/es\/wp-json\/wp\/v2\/product_tag?post=5392"}],"curies":[{"name":"wp","href":"https:\/\/api.w.org\/{rel}","templated":true}]}}