{"id":5395,"date":"2023-12-04T08:01:17","date_gmt":"2023-12-04T08:01:17","guid":{"rendered":"https:\/\/wpachem.com\/?post_type=product&#038;p=5395"},"modified":"2023-12-04T08:01:17","modified_gmt":"2023-12-04T08:01:17","slug":"carvacrol-cas-499-75-2","status":"publish","type":"product","link":"https:\/\/wpachem.com\/es\/producto\/carvacrol-cas-499-75-2\/","title":{"rendered":"Carvacrol CAS 499-75-2"},"content":{"rendered":"<p><strong>Caracter\u00edstica<\/strong><\/p>\n<p>El carvacrol tambi\u00e9n se conoce como 2-para-cimol, isotimol, isotimol, isopropil o-cresol. Los productos naturales se encuentran en el aceite de tomillo (aproximadamente 70%), aceite de or\u00e9gano (aproximadamente 80%) y aceite de or\u00e9gano. Un aceite incoloro a amarillento, ligeramente viscoso. En el aire y la luz, el color se oscurece. Tiene un aroma, un aroma fresco, un aroma a hierbas, con un olor parecido al del timol. Punto de ebullici\u00f3n 238 \u2103, punto de fusi\u00f3n 0,5 ~ 1 \u2103, punto de inflamaci\u00f3n 100 \u2103. Soluble en etanol, \u00e9ter et\u00edlico, propilenglicol y \u00e1lcali, insoluble en agua. Mezclado en aceite. Se evapora con vapor de agua. LD50 transoral de conejo 100 mg\/kg.<\/p>\n<p><strong>Solicitud<\/strong><\/p>\n<ol>\n<li>Se utiliza principalmente para preparar eneldo, eugonio, menta, vainilla y otros sabores, para pasta de dientes, polvos dentales, productos bucales, talco, jab\u00f3n y productos industriales de uso diario.<\/li>\n<li>Se utiliza m\u00e9dicamente como anest\u00e9sico local.<\/li>\n<li>Mata bacterias y par\u00e1sitos intestinales y puede usarse como desinfectante y fungicida.<\/li>\n<\/ol>\n<p><strong>Embalaje y almacenamiento<\/strong><\/p>\n<p>Guardar el envase bien cerrado en un lugar seco, fresco y bien ventilado. Almacenar alejado de envases de alimentos o materiales incompatibles.<\/p>","protected":false},"excerpt":{"rendered":"<p>Nombre del producto: Carvacrol<br \/>\nN.\u00ba CAS: 499-75-2<br \/>\nMF: C10H12O2<br \/>\nAspecto: Aceite incoloro a naranja claro a amarillo.<\/p>","protected":false},"featured_media":3321,"template":"","meta":{"_acf_changed":false,"_gspb_post_css":""},"product_brand":[],"product_cat":[61],"product_tag":[],"class_list":{"0":"post-5395","1":"product","2":"type-product","3":"status-publish","4":"has-post-thumbnail","6":"product_cat-flavor-and-fragrance","8":"first","9":"instock","10":"shipping-taxable","11":"product-type-simple"},"acf":[],"_links":{"self":[{"href":"https:\/\/wpachem.com\/es\/wp-json\/wp\/v2\/product\/5395","targetHints":{"allow":["GET"]}}],"collection":[{"href":"https:\/\/wpachem.com\/es\/wp-json\/wp\/v2\/product"}],"about":[{"href":"https:\/\/wpachem.com\/es\/wp-json\/wp\/v2\/types\/product"}],"version-history":[{"count":0,"href":"https:\/\/wpachem.com\/es\/wp-json\/wp\/v2\/product\/5395\/revisions"}],"wp:featuredmedia":[{"embeddable":true,"href":"https:\/\/wpachem.com\/es\/wp-json\/wp\/v2\/media\/3321"}],"wp:attachment":[{"href":"https:\/\/wpachem.com\/es\/wp-json\/wp\/v2\/media?parent=5395"}],"wp:term":[{"taxonomy":"product_brand","embeddable":true,"href":"https:\/\/wpachem.com\/es\/wp-json\/wp\/v2\/product_brand?post=5395"},{"taxonomy":"product_cat","embeddable":true,"href":"https:\/\/wpachem.com\/es\/wp-json\/wp\/v2\/product_cat?post=5395"},{"taxonomy":"product_tag","embeddable":true,"href":"https:\/\/wpachem.com\/es\/wp-json\/wp\/v2\/product_tag?post=5395"}],"curies":[{"name":"wp","href":"https:\/\/api.w.org\/{rel}","templated":true}]}}