{"id":5436,"date":"2023-12-06T05:43:24","date_gmt":"2023-12-06T05:43:24","guid":{"rendered":"https:\/\/wpachem.com\/?post_type=product&#038;p=5436"},"modified":"2023-12-06T05:43:25","modified_gmt":"2023-12-06T05:43:25","slug":"turpentine-cas-8006-64-2","status":"publish","type":"product","link":"https:\/\/wpachem.com\/es\/producto\/turpentine-cas-8006-64-2\/","title":{"rendered":"Trementina CAS 8006-64-2"},"content":{"rendered":"<p><strong>Caracter\u00edstica<\/strong><\/p>\n<p>La trementina es un l\u00edquido transparente, incoloro o amarillo claro con olor arom\u00e1tico, es un excelente solvente, y el \u00e9ter, etanol, benceno, disulfuro de carbono, tetracloruro de carbono y gasolina y otros solventes org\u00e1nicos miscibles, insolubles en agua. Tiene efecto irritante sobre la piel y las mucosas.<\/p>\n<p><strong>Aplicaci\u00f3n<\/strong><\/p>\n<p>La trementina como materia prima qu\u00edmica se usa ampliamente en vidrio art\u00edstico, pinturas, fabricaci\u00f3n de alcanfor, productos farmac\u00e9uticos, producci\u00f3n de colofonia y otras industrias que tienen la oportunidad de contactar con la trementina.<\/p>\n<ol>\n<li>Es un excelente solvente y tiene una gran capacidad para disolver materia org\u00e1nica. Se utiliza tradicionalmente en pinturas, secantes, ung\u00fcentos, bet\u00fan para zapatos, adhesivos y medicamentos.<\/li>\n<li>Diluyente de aceite de pintura<\/li>\n<li>La trementina tiene un efecto estimulante local y puede promover la circulaci\u00f3n sangu\u00ednea. Para dolores musculares, reumatismo y neuralgias. Para aplicaci\u00f3n t\u00f3pica.<\/li>\n<\/ol>\n<p><strong>Embalaje y almacenamiento<\/strong><\/p>\n<p>Mantener alejado de fuentes de ignici\u00f3n. Conservar en lugar fresco en el envase original y proteger de la luz solar. Almacenar en un recipiente bien cerrado.<\/p>","protected":false},"excerpt":{"rendered":"<p>Nombre del producto: trementina<br \/>\nN\u00famero de caja: 8006-64-2<br \/>\nMF: C12H20O7<br \/>\nAspecto: l\u00edquido transparente incoloro o amarillo claro.<\/p>","protected":false},"featured_media":4793,"template":"","meta":{"_acf_changed":false,"_gspb_post_css":""},"product_brand":[],"product_cat":[61],"product_tag":[],"class_list":{"0":"post-5436","1":"product","2":"type-product","3":"status-publish","4":"has-post-thumbnail","6":"product_cat-flavor-and-fragrance","8":"first","9":"instock","10":"shipping-taxable","11":"product-type-simple"},"acf":[],"_links":{"self":[{"href":"https:\/\/wpachem.com\/es\/wp-json\/wp\/v2\/product\/5436","targetHints":{"allow":["GET"]}}],"collection":[{"href":"https:\/\/wpachem.com\/es\/wp-json\/wp\/v2\/product"}],"about":[{"href":"https:\/\/wpachem.com\/es\/wp-json\/wp\/v2\/types\/product"}],"version-history":[{"count":0,"href":"https:\/\/wpachem.com\/es\/wp-json\/wp\/v2\/product\/5436\/revisions"}],"wp:featuredmedia":[{"embeddable":true,"href":"https:\/\/wpachem.com\/es\/wp-json\/wp\/v2\/media\/4793"}],"wp:attachment":[{"href":"https:\/\/wpachem.com\/es\/wp-json\/wp\/v2\/media?parent=5436"}],"wp:term":[{"taxonomy":"product_brand","embeddable":true,"href":"https:\/\/wpachem.com\/es\/wp-json\/wp\/v2\/product_brand?post=5436"},{"taxonomy":"product_cat","embeddable":true,"href":"https:\/\/wpachem.com\/es\/wp-json\/wp\/v2\/product_cat?post=5436"},{"taxonomy":"product_tag","embeddable":true,"href":"https:\/\/wpachem.com\/es\/wp-json\/wp\/v2\/product_tag?post=5436"}],"curies":[{"name":"wp","href":"https:\/\/api.w.org\/{rel}","templated":true}]}}