{"id":5438,"date":"2023-12-06T06:08:29","date_gmt":"2023-12-06T06:08:29","guid":{"rendered":"https:\/\/wpachem.com\/?post_type=product&#038;p=5438"},"modified":"2023-12-06T06:08:29","modified_gmt":"2023-12-06T06:08:29","slug":"methyl-eugenol-cas-93-15-2","status":"publish","type":"product","link":"https:\/\/wpachem.com\/es\/producto\/methyl-eugenol-cas-93-15-2\/","title":{"rendered":"Metil eugenol CAS 93-15-2"},"content":{"rendered":"<p><strong>Caracter\u00edstica<\/strong><\/p>\n<p>L\u00edquido incoloro a amarillento. Punto de ebullici\u00f3n: 249 \u00b0C, densidad relativa: 1,032-1,036, \u00edndice de refracci\u00f3n: 1,532-1,536, punto de inflamaci\u00f3n: 99 \u00b0C. Disuelto en 2 vol\u00famenes de etanol 70% y aceite. Posee un aroma dulce a lila e hinojo, similar al del clavel, con un aroma m\u00e1s transparente y duradero, y un aroma suave y fragante similar al del t\u00e9.<\/p>\n<p><strong>Solicitud<\/strong><\/p>\n<p>Se puede utilizar como agente realzador del aroma a clavo. Produce ligeros dep\u00f3sitos en aromas florales, herbales u orientales. Se puede usar en peque\u00f1as cantidades en fragancias de rosa, clavel, ylang ylang, lila, gardenia, jacinto, alba, nardo, perilla, lavanda, ron de laurel, colonia masculina y otras. Tambi\u00e9n se puede usar en sabores alimentarios, principalmente como agente modificador de especias, para aportar sabor a jengibre y tabaco.<\/p>\n<p><strong>Embalaje y almacenamiento<\/strong><\/p>\n<p>Conservar en un recipiente herm\u00e9tico. Conservar en un lugar fresco, seco y bien ventilado, alejado de sustancias incompatibles.<\/p>","protected":false},"excerpt":{"rendered":"<p>Nombre del producto: Metil eugenol<br \/>\nN.\u00ba CAS: 93-15-2<br \/>\nMF: C10H12O2<br \/>\nApariencia: L\u00edquido incoloro a amarillento.<\/p>","protected":false},"featured_media":3321,"template":"","meta":{"_acf_changed":false,"_gspb_post_css":""},"product_brand":[],"product_cat":[61],"product_tag":[],"class_list":{"0":"post-5438","1":"product","2":"type-product","3":"status-publish","4":"has-post-thumbnail","6":"product_cat-flavor-and-fragrance","8":"first","9":"instock","10":"shipping-taxable","11":"product-type-simple"},"acf":[],"_links":{"self":[{"href":"https:\/\/wpachem.com\/es\/wp-json\/wp\/v2\/product\/5438","targetHints":{"allow":["GET"]}}],"collection":[{"href":"https:\/\/wpachem.com\/es\/wp-json\/wp\/v2\/product"}],"about":[{"href":"https:\/\/wpachem.com\/es\/wp-json\/wp\/v2\/types\/product"}],"version-history":[{"count":0,"href":"https:\/\/wpachem.com\/es\/wp-json\/wp\/v2\/product\/5438\/revisions"}],"wp:featuredmedia":[{"embeddable":true,"href":"https:\/\/wpachem.com\/es\/wp-json\/wp\/v2\/media\/3321"}],"wp:attachment":[{"href":"https:\/\/wpachem.com\/es\/wp-json\/wp\/v2\/media?parent=5438"}],"wp:term":[{"taxonomy":"product_brand","embeddable":true,"href":"https:\/\/wpachem.com\/es\/wp-json\/wp\/v2\/product_brand?post=5438"},{"taxonomy":"product_cat","embeddable":true,"href":"https:\/\/wpachem.com\/es\/wp-json\/wp\/v2\/product_cat?post=5438"},{"taxonomy":"product_tag","embeddable":true,"href":"https:\/\/wpachem.com\/es\/wp-json\/wp\/v2\/product_tag?post=5438"}],"curies":[{"name":"wp","href":"https:\/\/api.w.org\/{rel}","templated":true}]}}