{"id":5440,"date":"2023-12-06T06:16:03","date_gmt":"2023-12-06T06:16:03","guid":{"rendered":"https:\/\/wpachem.com\/?post_type=product&#038;p=5440"},"modified":"2023-12-06T06:16:04","modified_gmt":"2023-12-06T06:16:04","slug":"eugenol-cas-97-53-0","status":"publish","type":"product","link":"https:\/\/wpachem.com\/es\/producto\/eugenol-cas-97-53-0\/","title":{"rendered":"Eugenol CAS 97-53-0"},"content":{"rendered":"<p><strong>Caracter\u00edstica<\/strong><\/p>\n<p>El eugenol se encuentra naturalmente en aceites esenciales como el aceite de clavo, el aceite de clavo de albahaca y el aceite de canela. Es un l\u00edquido aceitoso espeso de incoloro a amarillo claro con un fuerte aroma a clavo y una fragancia picante.<\/p>\n<p><strong>Solicitud<\/strong><\/p>\n<ol>\n<li>Es la fragancia de las flores de clavel. Ampliamente utilizado en mirto fragante y otras fragancias, se puede utilizar como modificador y agente fijador, con jab\u00f3n de color para agregar fragancia. Se puede utilizar para muchas fragancias florales como rosas y otras. Tambi\u00e9n se puede utilizar en especias, madera, orientales y aromaterapia, y tambi\u00e9n se puede utilizar en especias comestibles, menta, nueces, diversas frutas, d\u00e1tiles y otros sabores y sabores de tabaco.<\/li>\n<li>El eugenol tiene un fuerte olor almizclado a clavel, que es la base para la combinaci\u00f3n de sabores saludables y card\u00edacos. Se utiliza para mezclar cosm\u00e9ticos, jabones y sabores alimentarios.<\/li>\n<li>Se utiliza para preparar aroma de clavel, isoeugenol y vainillina, etc. Tambi\u00e9n se utiliza como insecticida y conservante.<\/li>\n<li>GB 2760-96 especifica el uso permitido de especias comestibles. Se utiliza principalmente para preparar jam\u00f3n ahumado, frutos secos y especias y otros sabores. Tambi\u00e9n es la principal materia prima para la s\u00edntesis de vainillina.<\/li>\n<li>Se utiliza principalmente como antibacteriano y reduce la presi\u00f3n arterial.<\/li>\n<\/ol>\n<p><strong>Embalaje y almacenamiento<\/strong><\/p>\n<p>Mantener el recipiente bien cerrado en un lugar seco y bien ventilado. Almacenar en lugar fresco. Almacenar bajo gas inerte. Sensible al aire.<\/p>","protected":false},"excerpt":{"rendered":"<p>Nombre del producto: Eugenol<br \/>\nN.\u00b0 CAS: 97-53-0<br \/>\nMF: C10H12O2<br \/>\nAspecto: l\u00edquido aceitoso espeso de incoloro a amarillo claro<\/p>","protected":false},"featured_media":4788,"template":"","meta":{"_acf_changed":false,"_gspb_post_css":""},"product_brand":[],"product_cat":[61],"product_tag":[],"class_list":{"0":"post-5440","1":"product","2":"type-product","3":"status-publish","4":"has-post-thumbnail","6":"product_cat-flavor-and-fragrance","8":"first","9":"instock","10":"shipping-taxable","11":"product-type-simple"},"acf":[],"_links":{"self":[{"href":"https:\/\/wpachem.com\/es\/wp-json\/wp\/v2\/product\/5440","targetHints":{"allow":["GET"]}}],"collection":[{"href":"https:\/\/wpachem.com\/es\/wp-json\/wp\/v2\/product"}],"about":[{"href":"https:\/\/wpachem.com\/es\/wp-json\/wp\/v2\/types\/product"}],"version-history":[{"count":0,"href":"https:\/\/wpachem.com\/es\/wp-json\/wp\/v2\/product\/5440\/revisions"}],"wp:featuredmedia":[{"embeddable":true,"href":"https:\/\/wpachem.com\/es\/wp-json\/wp\/v2\/media\/4788"}],"wp:attachment":[{"href":"https:\/\/wpachem.com\/es\/wp-json\/wp\/v2\/media?parent=5440"}],"wp:term":[{"taxonomy":"product_brand","embeddable":true,"href":"https:\/\/wpachem.com\/es\/wp-json\/wp\/v2\/product_brand?post=5440"},{"taxonomy":"product_cat","embeddable":true,"href":"https:\/\/wpachem.com\/es\/wp-json\/wp\/v2\/product_cat?post=5440"},{"taxonomy":"product_tag","embeddable":true,"href":"https:\/\/wpachem.com\/es\/wp-json\/wp\/v2\/product_tag?post=5440"}],"curies":[{"name":"wp","href":"https:\/\/api.w.org\/{rel}","templated":true}]}}