{"id":5473,"date":"2023-12-13T06:16:33","date_gmt":"2023-12-13T06:16:33","guid":{"rendered":"https:\/\/wpachem.com\/?post_type=product&#038;p=5473"},"modified":"2023-12-13T06:38:58","modified_gmt":"2023-12-13T06:38:58","slug":"4%ef%bc%8c4-diphenylmethane-diisocyanate-phenyl-isocyanate-mdi-cas-101-68-8","status":"publish","type":"product","link":"https:\/\/wpachem.com\/es\/producto\/4%ef%bc%8c4-diphenylmethane-diisocyanate-phenyl-isocyanate-mdi-cas-101-68-8\/","title":{"rendered":"Diisocianato de 4,4`-difenilmetano\/isocianato de fenilo (MDI) CAS 101-68-8"},"content":{"rendered":"<p>S\u00f3lido blanco o amarillo claro, soluble en benceno, tolueno, clorobenceno, nitrobenceno, acetona, \u00e9ter, acetato de etilo, dioxano, etc.<\/p>\n<p><strong>Solicitud:\u00a0<\/strong><\/p>\n<p>1. El producto principal de este producto se utiliza ampliamente en revestimientos de poliuretano. Adem\u00e1s, tambi\u00e9n se utiliza en materiales impermeables, materiales de sellado, materiales de cer\u00e1mica, etc.; la espuma de poliuretano hecha de este producto se utiliza como piezas para aislamiento t\u00e9rmico (fr\u00edo), materiales de construcci\u00f3n, veh\u00edculos y barcos. ; Los productos refinados se pueden convertir en parachoques de autom\u00f3viles, parachoques, cuero sint\u00e9tico, poliuretano no pl\u00e1stico, fibra el\u00e1stica de poliuretano, fibra el\u00e1stica no pl\u00e1stica, pel\u00edcula, adhesivo, etc.<\/p>\n<p>2.MDI es el nombre general del diisocianato de 4,4&#039;difenilmetano (MDI puro), una mezcla que contiene una cierta proporci\u00f3n de MDI puro y poliisocianato de polifenilpolimetileno (MDI polimerizado), y productos modificados de MDI puro y MDI polimerizado. , es la materia prima m\u00e1s importante para la producci\u00f3n de poliuretano. Una peque\u00f1a cantidad de MDI se utiliza en otros aspectos adem\u00e1s del poliuretano. El poliuretano tiene la elasticidad del caucho, la resistencia y las excelentes propiedades de procesamiento del pl\u00e1stico, especialmente en t\u00e9rminos de aislamiento t\u00e9rmico, aislamiento ac\u00fastico, resistencia al desgaste, resistencia al aceite, elasticidad, etc. Tiene ventajas que otros materiales sint\u00e9ticos no pueden igualar. El sexto pl\u00e1stico m\u00e1s grande despu\u00e9s del etileno, polipropileno, poliestireno y ABS (ahora superando al ABS para convertirse en el quinto pl\u00e1stico m\u00e1s grande), ha sido ampliamente utilizado en defensa nacional, aeroespacial, industria ligera, industria qu\u00edmica, petr\u00f3leo, textiles, transporte, autom\u00f3vil, medicina, etc. campos, convirti\u00e9ndose en un material emergente indispensable para el desarrollo econ\u00f3mico y la vida de las personas.<br \/>\nEl MDI y el TDI son sustitutos entre s\u00ed y ambos son materias primas para la producci\u00f3n de poliuretano. El precio del MDI es ligeramente inferior y su toxicidad es menor que la del TDI. Sin embargo, al producir espuma, la densidad es mayor que la del sistema TDI. La moldeabilidad de los productos de poliuretano formados por MDI es relativamente buena.<\/p>\n<p><b>Certificado de an\u00e1lisis:<\/b><\/p>\n<table width=\"1825\">\n<tbody>\n<tr>\n<td width=\"684\">Elementos de prueba<\/td>\n<td width=\"1141\">Especificaciones)<\/td>\n<\/tr>\n<tr>\n<td width=\"684\">Apariencia<\/td>\n<td width=\"1141\">S\u00f3lido blanco o amarillo claro<\/td>\n<\/tr>\n<tr>\n<td width=\"684\">Punto de fusion<\/td>\n<td width=\"1141\">38-44 \u00b0C<\/td>\n<\/tr>\n<tr>\n<td width=\"684\">Punto de ebullici\u00f3n<\/td>\n<td width=\"1141\">392 \u00b0C<\/td>\n<\/tr>\n<tr>\n<td width=\"684\">punto de inflamabilidad<\/td>\n<td width=\"1141\">196 \u00b0C<\/td>\n<\/tr>\n<tr>\n<td width=\"684\">Condiciones de almacenaje<\/td>\n<td width=\"1141\">-20\u00b0C<\/td>\n<\/tr>\n<tr>\n<td width=\"684\">Punto de congelaci\u00f3n<\/td>\n<td width=\"1141\">37\u2103<\/td>\n<\/tr>\n<\/tbody>\n<\/table>\n<p>Embalaje y almacenamiento:<\/p>\n<p>Bid\u00f3n de hierro de 250 kg lleno de envases de nitr\u00f3geno<\/p>\n<p>En las condiciones de almacenamiento recomendadas, la vida \u00fatil del DMI es de un a\u00f1o desde la fecha de producci\u00f3n.<\/p>","protected":false},"excerpt":{"rendered":"<p>Nombre del producto: Diisocianato de 4,4`-difenilmetano\/isocianato de fenilo (MDI)<\/p>\n<p>CAS:101-68-8<\/p>\n<p>MF:C15H10N2O2<\/p>\n<p>Aspecto:S\u00f3lido blanco o amarillo claro.<\/p>","protected":false},"featured_media":5474,"template":"","meta":{"_acf_changed":false,"_gspb_post_css":""},"product_brand":[],"product_cat":[63],"product_tag":[],"class_list":{"0":"post-5473","1":"product","2":"type-product","3":"status-publish","4":"has-post-thumbnail","6":"product_cat-industrial-chemicals","8":"first","9":"instock","10":"shipping-taxable","11":"product-type-simple"},"acf":[],"_links":{"self":[{"href":"https:\/\/wpachem.com\/es\/wp-json\/wp\/v2\/product\/5473","targetHints":{"allow":["GET"]}}],"collection":[{"href":"https:\/\/wpachem.com\/es\/wp-json\/wp\/v2\/product"}],"about":[{"href":"https:\/\/wpachem.com\/es\/wp-json\/wp\/v2\/types\/product"}],"version-history":[{"count":0,"href":"https:\/\/wpachem.com\/es\/wp-json\/wp\/v2\/product\/5473\/revisions"}],"wp:featuredmedia":[{"embeddable":true,"href":"https:\/\/wpachem.com\/es\/wp-json\/wp\/v2\/media\/5474"}],"wp:attachment":[{"href":"https:\/\/wpachem.com\/es\/wp-json\/wp\/v2\/media?parent=5473"}],"wp:term":[{"taxonomy":"product_brand","embeddable":true,"href":"https:\/\/wpachem.com\/es\/wp-json\/wp\/v2\/product_brand?post=5473"},{"taxonomy":"product_cat","embeddable":true,"href":"https:\/\/wpachem.com\/es\/wp-json\/wp\/v2\/product_cat?post=5473"},{"taxonomy":"product_tag","embeddable":true,"href":"https:\/\/wpachem.com\/es\/wp-json\/wp\/v2\/product_tag?post=5473"}],"curies":[{"name":"wp","href":"https:\/\/api.w.org\/{rel}","templated":true}]}}