{"id":5476,"date":"2023-12-13T06:39:53","date_gmt":"2023-12-13T06:39:53","guid":{"rendered":"https:\/\/wpachem.com\/?post_type=product&#038;p=5476"},"modified":"2023-12-13T06:54:37","modified_gmt":"2023-12-13T06:54:37","slug":"phenyl-isocyanate-mdi-pm-200-cas-101-68-8","status":"publish","type":"product","link":"https:\/\/wpachem.com\/es\/producto\/phenyl-isocyanate-mdi-pm-200-cas-101-68-8\/","title":{"rendered":"Isocianato de fenilo (MDI) PM-200 CAS 101-68-8"},"content":{"rendered":"<p>L\u00edquido marr\u00f3n, MDI es un material de poliuretano sintetizado a partir de isocianato, poliol y sus aditivos. Con su excelente rendimiento, amplia variedad y amplia gama de usos, es \u00fanico entre muchos materiales sint\u00e9ticos y se ha convertido en uno de los materiales de m\u00e1s r\u00e1pido crecimiento en la actualidad.<\/p>\n<p><span style=\"vertical-align: inherit\"><span style=\"vertical-align: inherit\">Solicitud:<\/span><\/span><\/p>\n<p>MDI es diisocianato de 4,4&#039;difenilmetano (MDI puro), una mezcla que contiene una cierta proporci\u00f3n de MDI puro y poliisocianato de polifenilpolimetileno (MDI polimerizado) y productos modificados de MDI puro y MDI polimerizado. Termino general. , es la materia prima m\u00e1s importante para la producci\u00f3n de poliuretano. Adem\u00e1s del poliuretano, tambi\u00e9n se utiliza una peque\u00f1a cantidad de MDI en otros aspectos. El poliuretano tiene la elasticidad del caucho, la resistencia del pl\u00e1stico y excelentes propiedades de procesamiento. En particular, tiene ventajas que otros materiales sint\u00e9ticos no pueden igualar en t\u00e9rminos de aislamiento t\u00e9rmico, aislamiento ac\u00fastico, resistencia al desgaste, resistencia al aceite, elasticidad, etc. Es el sexto pl\u00e1stico m\u00e1s grande despu\u00e9s del etileno, polipropileno, poliestireno y ABS (que ahora supera al ABS para convertirse en el quinto pl\u00e1stico m\u00e1s grande), se ha utilizado ampliamente en la defensa nacional, la industria aeroespacial, la industria ligera, la industria qu\u00edmica, el petr\u00f3leo, los textiles, el transporte, los autom\u00f3viles, la medicina y otros campos, se han convertido en materiales emergentes indispensables para el desarrollo econ\u00f3mico y la vida de las personas.<\/p>\n<p>Certificado de an\u00e1lisis:<\/p>\n<table width=\"1825\">\n<tbody>\n<tr>\n<td width=\"684\">Elementos de prueba<\/td>\n<td width=\"1141\">Especificaciones)<\/td>\n<\/tr>\n<tr>\n<td width=\"684\">Apariencia<\/td>\n<td width=\"1141\">L\u00edquido marr\u00f3n<\/td>\n<\/tr>\n<tr>\n<td width=\"684\">Viscosidad(25\u2103)\/(mPa\u00b7s)<\/td>\n<td width=\"1141\">150-250<\/td>\n<\/tr>\n<tr>\n<td width=\"684\">Contenido para suboficiales\/%<\/td>\n<td width=\"1141\">30.5-32.0<\/td>\n<\/tr>\n<tr>\n<td width=\"684\">Densidad (25 \u2103)\/(g\/cm\u00b3)<\/td>\n<td width=\"1141\">1.220-1.250<\/td>\n<\/tr>\n<tr>\n<td width=\"684\">Contenido de \u00e1cido\/%<\/td>\n<td width=\"1141\">&lt;0,030<\/td>\n<\/tr>\n<tr>\n<td width=\"684\">Cloro Hidrolizable\/%<\/td>\n<td width=\"1141\">&lt;0,20<\/td>\n<\/tr>\n<\/tbody>\n<\/table>\n<p>Embalaje y almacenamiento:<\/p>\n<p>Bidones de hierro de 210L, 250kg\/tambor<\/p>\n<p>Dado que MDI PM-200 es un qu\u00edmico reactivo, la reacci\u00f3n con la humedad atmosf\u00e9rica ocurre f\u00e1cilmente y conduce a la formaci\u00f3n de ureas insolubles y di\u00f3xido de carbono, lo que puede resultar en un aumento de presi\u00f3n en recipientes cerrados y un aumento de la viscosidad del producto. Por lo tanto, los contenedores deben estar completamente secos y cuidadosamente cerrados despu\u00e9s de haber sido congestionados con nitr\u00f3geno.<\/p>\n<p>Los contenedores de MDI PM-200 deben mantenerse correctamente cerrados y almacenados en interiores a temperatura ambiente (15-35 \u2103) en un \u00e1rea bien ventilada. El almacenamiento a baja temperatura (por debajo de 5 \u2103) puede provocar cierta cristalizaci\u00f3n; Por tanto, este material debe protegerse de las heladas.<\/p>\n<p>Si se produce cristalizaci\u00f3n, el material debe calentarse haciendo rodar el tambor en un horno de aire caliente a 70-80 \u2103 para derretirlo y luego debe agitarse completamente antes de usarlo. No se recomienda fundir al ba\u00f1o mar\u00eda.<\/p>\n<p>No se recomienda el almacenamiento prolongado a temperaturas superiores a 50 \u2103 para evitar la formaci\u00f3n de s\u00f3lidos insolubles y el aumento de la viscosidad.<\/p>","protected":false},"excerpt":{"rendered":"<p><span style=\"vertical-align: inherit\"><span style=\"vertical-align: inherit\">Nombre del producto: MDI<\/span><\/span><\/p>\n<p><span style=\"vertical-align: inherit\"><span style=\"vertical-align: inherit\">CAS\uff1a101-68-8<\/span><\/span><\/p>\n<p><span style=\"vertical-align: inherit\"><span style=\"vertical-align: inherit\">Frecuencia intermedia: C15H10N2O2<\/span><\/span><\/p>\n<p>Apariencia: L\u00edquido marr\u00f3n<\/p>","protected":false},"featured_media":5474,"template":"","meta":{"_acf_changed":false,"_gspb_post_css":""},"product_brand":[],"product_cat":[63],"product_tag":[],"class_list":{"0":"post-5476","1":"product","2":"type-product","3":"status-publish","4":"has-post-thumbnail","6":"product_cat-industrial-chemicals","8":"first","9":"instock","10":"shipping-taxable","11":"product-type-simple"},"acf":[],"_links":{"self":[{"href":"https:\/\/wpachem.com\/es\/wp-json\/wp\/v2\/product\/5476","targetHints":{"allow":["GET"]}}],"collection":[{"href":"https:\/\/wpachem.com\/es\/wp-json\/wp\/v2\/product"}],"about":[{"href":"https:\/\/wpachem.com\/es\/wp-json\/wp\/v2\/types\/product"}],"version-history":[{"count":0,"href":"https:\/\/wpachem.com\/es\/wp-json\/wp\/v2\/product\/5476\/revisions"}],"wp:featuredmedia":[{"embeddable":true,"href":"https:\/\/wpachem.com\/es\/wp-json\/wp\/v2\/media\/5474"}],"wp:attachment":[{"href":"https:\/\/wpachem.com\/es\/wp-json\/wp\/v2\/media?parent=5476"}],"wp:term":[{"taxonomy":"product_brand","embeddable":true,"href":"https:\/\/wpachem.com\/es\/wp-json\/wp\/v2\/product_brand?post=5476"},{"taxonomy":"product_cat","embeddable":true,"href":"https:\/\/wpachem.com\/es\/wp-json\/wp\/v2\/product_cat?post=5476"},{"taxonomy":"product_tag","embeddable":true,"href":"https:\/\/wpachem.com\/es\/wp-json\/wp\/v2\/product_tag?post=5476"}],"curies":[{"name":"wp","href":"https:\/\/api.w.org\/{rel}","templated":true}]}}