{"id":5485,"date":"2023-12-14T07:48:55","date_gmt":"2023-12-14T07:48:55","guid":{"rendered":"https:\/\/wpachem.com\/?post_type=product&#038;p=5485"},"modified":"2023-12-14T07:48:55","modified_gmt":"2023-12-14T07:48:55","slug":"cis-3-hexenyl-acetate-cas-3681-71-8","status":"publish","type":"product","link":"https:\/\/wpachem.com\/es\/producto\/cis-3-hexenyl-acetate-cas-3681-71-8\/","title":{"rendered":"Acetato de cis-3-hexenilo CAS 3681-71-8"},"content":{"rendered":"<p><strong>Caracter\u00edstica<\/strong><\/p>\n<p>L\u00edquido incoloro a amarillo claro con un fuerte olor a hierba. Se forma por esterificaci\u00f3n de cis-3-hexenol con \u00e1cido ac\u00e9tico. Tiene baja volatilidad y buena solubilidad. Tiene alta reactividad, es f\u00e1cil que ocurran reacciones de adici\u00f3n, esterificaci\u00f3n, alcoholizaci\u00f3n y otras. Adem\u00e1s, el compuesto tambi\u00e9n es f\u00e1cil de oxidar para producir \u00e1cidos, aldeh\u00eddos, \u00e1cidos carbox\u00edlicos y otros productos.<\/p>\n<p><strong>Solicitud<\/strong><\/p>\n<p>Utilizado para preparar sabor comestible y diario.<\/p>\n<p><strong>Embalaje y almacenamiento<\/strong><\/p>\n<p>Guardar el envase bien cerrado en un lugar seco, fresco y bien ventilado. Almacenar alejado de envases de alimentos o materiales incompatibles.<\/p>","protected":false},"excerpt":{"rendered":"<p>Nombre del producto: Acetato de cis-3-hexenilo<br \/>\nN.\u00ba CAS: 3681-71-8<br \/>\nN\u00famero de modelo: C12H20O2<br \/>\nAspecto: L\u00edquido incoloro a amarillo claro.<\/p>","protected":false},"featured_media":4816,"template":"","meta":{"_acf_changed":false,"_gspb_post_css":""},"product_brand":[],"product_cat":[61],"product_tag":[],"class_list":{"0":"post-5485","1":"product","2":"type-product","3":"status-publish","4":"has-post-thumbnail","6":"product_cat-flavor-and-fragrance","8":"first","9":"instock","10":"shipping-taxable","11":"product-type-simple"},"acf":[],"_links":{"self":[{"href":"https:\/\/wpachem.com\/es\/wp-json\/wp\/v2\/product\/5485","targetHints":{"allow":["GET"]}}],"collection":[{"href":"https:\/\/wpachem.com\/es\/wp-json\/wp\/v2\/product"}],"about":[{"href":"https:\/\/wpachem.com\/es\/wp-json\/wp\/v2\/types\/product"}],"version-history":[{"count":0,"href":"https:\/\/wpachem.com\/es\/wp-json\/wp\/v2\/product\/5485\/revisions"}],"wp:featuredmedia":[{"embeddable":true,"href":"https:\/\/wpachem.com\/es\/wp-json\/wp\/v2\/media\/4816"}],"wp:attachment":[{"href":"https:\/\/wpachem.com\/es\/wp-json\/wp\/v2\/media?parent=5485"}],"wp:term":[{"taxonomy":"product_brand","embeddable":true,"href":"https:\/\/wpachem.com\/es\/wp-json\/wp\/v2\/product_brand?post=5485"},{"taxonomy":"product_cat","embeddable":true,"href":"https:\/\/wpachem.com\/es\/wp-json\/wp\/v2\/product_cat?post=5485"},{"taxonomy":"product_tag","embeddable":true,"href":"https:\/\/wpachem.com\/es\/wp-json\/wp\/v2\/product_tag?post=5485"}],"curies":[{"name":"wp","href":"https:\/\/api.w.org\/{rel}","templated":true}]}}