{"id":5488,"date":"2023-12-14T08:22:52","date_gmt":"2023-12-14T08:22:52","guid":{"rendered":"https:\/\/wpachem.com\/?post_type=product&#038;p=5488"},"modified":"2023-12-14T08:22:52","modified_gmt":"2023-12-14T08:22:52","slug":"cis-3-hexen-1-ol-cas-928-96-1","status":"publish","type":"product","link":"https:\/\/wpachem.com\/es\/producto\/cis-3-hexen-1-ol-cas-928-96-1\/","title":{"rendered":"Cis-3-hexen-1-ol CAS 928-96-1"},"content":{"rendered":"<p><strong>Caracter\u00edstica<\/strong><\/p>\n<p>A temperatura y presi\u00f3n ambiente, es un l\u00edquido de incoloro a amarillo claro, con un fuerte aroma a hierba Liu nueva, hojas verdes y aroma a frutas. Tiene baja volatilidad y buena solubilidad en Chemicalbook. Tiene alta reactividad, adici\u00f3n, esterificaci\u00f3n, alcoholizaci\u00f3n y otras reacciones f\u00e1ciles de producir; adem\u00e1s, el compuesto tambi\u00e9n es f\u00e1cil de oxidar para producir \u00e1cidos, aldeh\u00eddos, \u00e1cidos carbox\u00edlicos y otros productos.<\/p>\n<p><strong>Solicitud<\/strong><\/p>\n<p>Utilizado para preparar sabor comestible y diario.<\/p>\n<p><strong>Embalaje y almacenamiento<\/strong><\/p>\n<p>Almacenar en lugar fresco. Mantener el recipiente bien cerrado en un lugar seco y bien ventilado. Los contenedores que se abran deben volver a cerrarse cuidadosamente y mantenerse en posici\u00f3n vertical para evitar fugas.<\/p>","protected":false},"excerpt":{"rendered":"<p>Nombre del producto: Cis-3-hexen-1-ol<br \/>\nN\u00famero de caja: 928-96-1<br \/>\nMF: C10H18O<br \/>\nAspecto: l\u00edquido incoloro a amarillo claro.<\/p>","protected":false},"featured_media":3321,"template":"","meta":{"_acf_changed":false,"_gspb_post_css":""},"product_brand":[],"product_cat":[61],"product_tag":[],"class_list":{"0":"post-5488","1":"product","2":"type-product","3":"status-publish","4":"has-post-thumbnail","6":"product_cat-flavor-and-fragrance","8":"first","9":"instock","10":"shipping-taxable","11":"product-type-simple"},"acf":[],"_links":{"self":[{"href":"https:\/\/wpachem.com\/es\/wp-json\/wp\/v2\/product\/5488","targetHints":{"allow":["GET"]}}],"collection":[{"href":"https:\/\/wpachem.com\/es\/wp-json\/wp\/v2\/product"}],"about":[{"href":"https:\/\/wpachem.com\/es\/wp-json\/wp\/v2\/types\/product"}],"version-history":[{"count":0,"href":"https:\/\/wpachem.com\/es\/wp-json\/wp\/v2\/product\/5488\/revisions"}],"wp:featuredmedia":[{"embeddable":true,"href":"https:\/\/wpachem.com\/es\/wp-json\/wp\/v2\/media\/3321"}],"wp:attachment":[{"href":"https:\/\/wpachem.com\/es\/wp-json\/wp\/v2\/media?parent=5488"}],"wp:term":[{"taxonomy":"product_brand","embeddable":true,"href":"https:\/\/wpachem.com\/es\/wp-json\/wp\/v2\/product_brand?post=5488"},{"taxonomy":"product_cat","embeddable":true,"href":"https:\/\/wpachem.com\/es\/wp-json\/wp\/v2\/product_cat?post=5488"},{"taxonomy":"product_tag","embeddable":true,"href":"https:\/\/wpachem.com\/es\/wp-json\/wp\/v2\/product_tag?post=5488"}],"curies":[{"name":"wp","href":"https:\/\/api.w.org\/{rel}","templated":true}]}}