{"id":5490,"date":"2023-12-14T08:29:04","date_gmt":"2023-12-14T08:29:04","guid":{"rendered":"https:\/\/wpachem.com\/?post_type=product&#038;p=5490"},"modified":"2023-12-14T08:42:05","modified_gmt":"2023-12-14T08:42:05","slug":"terpineol-cas-8000-41-7","status":"publish","type":"product","link":"https:\/\/wpachem.com\/es\/producto\/terpineol-cas-8000-41-7\/","title":{"rendered":"Terpineol CAS 8000-41-7"},"content":{"rendered":"<p><strong>Caracter\u00edstica<\/strong><\/p>\n<p>L\u00edquido incoloro o cristal transparente de bajo punto de fusi\u00f3n con sabor a clavo. 1 parte de terpinol es soluble en 2 partes (70% por volumen) de soluci\u00f3n de etanol, ligeramente soluble en agua y glicerol.<\/p>\n<p><strong>Solicitud<\/strong><\/p>\n<p>Tambi\u00e9n se utiliza en medicina, pesticidas, pl\u00e1sticos, jabones, industria de tintas y como disolvente para dar color a la cristaler\u00eda. Se utiliza principalmente en la preparaci\u00f3n de jabones arom\u00e1ticos de lila, lirio de los valles, acacia, azahar y otros jabones, as\u00ed como esencias cosm\u00e9ticas. El \u03b1-terpinol puro se puede preparar con sabores de lim\u00f3n, naranja, melocot\u00f3n y otros comestibles. Muchos compuestos de \u00e9steres preparados a partir de terpinol tambi\u00e9n son excelentes especias.<\/p>\n<p><strong>Embalaje y almacenamiento<\/strong><\/p>\n<p>Guardar el envase bien cerrado en un lugar seco, fresco y bien ventilado. Almacenar alejado de envases de alimentos o materiales incompatibles.<\/p>","protected":false},"excerpt":{"rendered":"<p>Nombre del producto: Terpineol<br \/>\nN.\u00ba CAS: 8000-41-7<br \/>\nMF: C10H18O<br \/>\nAspecto: L\u00edquido incoloro o cristal transparente.<\/p>","protected":false},"featured_media":3321,"template":"","meta":{"_acf_changed":false,"_gspb_post_css":""},"product_brand":[],"product_cat":[61],"product_tag":[],"class_list":{"0":"post-5490","1":"product","2":"type-product","3":"status-publish","4":"has-post-thumbnail","6":"product_cat-flavor-and-fragrance","8":"first","9":"instock","10":"shipping-taxable","11":"product-type-simple"},"acf":[],"_links":{"self":[{"href":"https:\/\/wpachem.com\/es\/wp-json\/wp\/v2\/product\/5490","targetHints":{"allow":["GET"]}}],"collection":[{"href":"https:\/\/wpachem.com\/es\/wp-json\/wp\/v2\/product"}],"about":[{"href":"https:\/\/wpachem.com\/es\/wp-json\/wp\/v2\/types\/product"}],"version-history":[{"count":0,"href":"https:\/\/wpachem.com\/es\/wp-json\/wp\/v2\/product\/5490\/revisions"}],"wp:featuredmedia":[{"embeddable":true,"href":"https:\/\/wpachem.com\/es\/wp-json\/wp\/v2\/media\/3321"}],"wp:attachment":[{"href":"https:\/\/wpachem.com\/es\/wp-json\/wp\/v2\/media?parent=5490"}],"wp:term":[{"taxonomy":"product_brand","embeddable":true,"href":"https:\/\/wpachem.com\/es\/wp-json\/wp\/v2\/product_brand?post=5490"},{"taxonomy":"product_cat","embeddable":true,"href":"https:\/\/wpachem.com\/es\/wp-json\/wp\/v2\/product_cat?post=5490"},{"taxonomy":"product_tag","embeddable":true,"href":"https:\/\/wpachem.com\/es\/wp-json\/wp\/v2\/product_tag?post=5490"}],"curies":[{"name":"wp","href":"https:\/\/api.w.org\/{rel}","templated":true}]}}