{"id":5514,"date":"2023-12-21T08:36:15","date_gmt":"2023-12-21T08:36:15","guid":{"rendered":"https:\/\/wpachem.com\/?post_type=product&#038;p=5514"},"modified":"2024-01-31T05:51:31","modified_gmt":"2024-01-31T05:51:31","slug":"dihydroxypropane-cas-57-55-6","status":"publish","type":"product","link":"https:\/\/wpachem.com\/es\/producto\/dihydroxypropane-cas-57-55-6\/","title":{"rendered":"Dihidroxipropano CAS 57-55-6"},"content":{"rendered":"<p><strong>Caracter\u00edstica<\/strong><\/p>\n<p>L\u00edquido viscoso incoloro o amarillento, ligeramente salado y diluible. Se utiliza principalmente para producir nuevo tereftalato de polipropileno de poli\u00e9ster (PTT). El PTT no solo tiene la estabilidad qu\u00edmica del tereftalato de polietileno (PET), sino que tambi\u00e9n tiene buena resiliencia y es anticontaminante, por lo que tiene una buena aplicaci\u00f3n en el campo de los textiles.<\/p>\n<p><strong>Solicitud<\/strong><\/p>\n<ol>\n<li>Tambi\u00e9n se puede utilizar como anticongelante, emulsionante y otras materias primas qu\u00edmicas finas.<\/li>\n<li>Se puede utilizar para la s\u00edntesis de muchos f\u00e1rmacos, nuevos poli\u00e9steres PTT, intermedios farmac\u00e9uticos y nuevos antioxidantes.<\/li>\n<\/ol>\n<p><strong>Embalaje y almacenamiento<\/strong><\/p>\n<p>Almacenar en lugar fresco. Mantener el recipiente bien cerrado en un lugar seco y bien ventilado.<\/p>","protected":false},"excerpt":{"rendered":"<p>Nombre del producto: Dihidroxipropano<br \/>\nN.\u00ba CAS: 57-55-6<br \/>\nN\u00famero de modelo: C3H8O2<br \/>\nAspecto: L\u00edquido viscoso incoloro o amarillento.<\/p>","protected":false},"featured_media":4888,"template":"","meta":{"_acf_changed":false,"_gspb_post_css":""},"product_brand":[],"product_cat":[60],"product_tag":[],"class_list":{"0":"post-5514","1":"product","2":"type-product","3":"status-publish","4":"has-post-thumbnail","6":"product_cat-cosmetic-ingredients","8":"first","9":"instock","10":"shipping-taxable","11":"product-type-simple"},"acf":[],"_links":{"self":[{"href":"https:\/\/wpachem.com\/es\/wp-json\/wp\/v2\/product\/5514","targetHints":{"allow":["GET"]}}],"collection":[{"href":"https:\/\/wpachem.com\/es\/wp-json\/wp\/v2\/product"}],"about":[{"href":"https:\/\/wpachem.com\/es\/wp-json\/wp\/v2\/types\/product"}],"version-history":[{"count":0,"href":"https:\/\/wpachem.com\/es\/wp-json\/wp\/v2\/product\/5514\/revisions"}],"wp:featuredmedia":[{"embeddable":true,"href":"https:\/\/wpachem.com\/es\/wp-json\/wp\/v2\/media\/4888"}],"wp:attachment":[{"href":"https:\/\/wpachem.com\/es\/wp-json\/wp\/v2\/media?parent=5514"}],"wp:term":[{"taxonomy":"product_brand","embeddable":true,"href":"https:\/\/wpachem.com\/es\/wp-json\/wp\/v2\/product_brand?post=5514"},{"taxonomy":"product_cat","embeddable":true,"href":"https:\/\/wpachem.com\/es\/wp-json\/wp\/v2\/product_cat?post=5514"},{"taxonomy":"product_tag","embeddable":true,"href":"https:\/\/wpachem.com\/es\/wp-json\/wp\/v2\/product_tag?post=5514"}],"curies":[{"name":"wp","href":"https:\/\/api.w.org\/{rel}","templated":true}]}}