{"id":5516,"date":"2023-12-21T08:46:20","date_gmt":"2023-12-21T08:46:20","guid":{"rendered":"https:\/\/wpachem.com\/?post_type=product&#038;p=5516"},"modified":"2024-02-19T02:56:03","modified_gmt":"2024-02-19T02:56:03","slug":"kojic-acid-powder-cas-501-30-4","status":"publish","type":"product","link":"https:\/\/wpachem.com\/es\/producto\/kojic-acid-powder-cas-501-30-4\/","title":{"rendered":"Polvo de \u00e1cido k\u00f3jico CAS 501-30-4"},"content":{"rendered":"<p><strong>Caracter\u00edstica<\/strong><\/p>\n<p>Los cristales de \u00e1cido k\u00f3jico son prism\u00e1ticos, aciculares e incoloros. \u00c1cido k\u00f3jico soluble en agua, alcohol, acetona, ligeramente soluble en \u00e9ter, acetato de etilo, cloroformo, piridina, insoluble en la mayor\u00eda de los dem\u00e1s disolventes. Puede purificarse mediante cristalizaci\u00f3n en acetona, acetato de etilo y otros disolventes, y tambi\u00e9n puede sublimarse bajo presi\u00f3n a 150 ~ 200 \u2103.<\/p>\n<p><strong>Solicitud<\/strong><\/p>\n<ol>\n<li>El \u00e1cido k\u00f3jico puede convertirse en un nuevo aditivo alimentario. Su rendimiento como conservante de alimentos es mejor que el del \u00e1cido s\u00f3rbico.<\/li>\n<li>El \u00e1cido k\u00f3jico es un inhibidor de la tirosinasa, que puede mezclarse de forma preventiva con los iones de cobre en la tirosinasa, de modo que los iones de cobre pierdan su efecto y luego inhiban la s\u00edntesis del pigmento dopa.<\/li>\n<li>El complejo de \u00e1cido k\u00f3jico y metales pesados divalentes es m\u00e1s eficaz contra varias enfermedades f\u00fangicas de las plantas que el licor de Burdeos (un agente insecticida y bactericida).<\/li>\n<li>El \u00e1cido k\u00f3jico se puede utilizar como materia prima para producir antibi\u00f3ticos de cefalosporina.<\/li>\n<\/ol>\n<p><strong>Embalaje y almacenamiento<\/strong><\/p>\n<p>Guardar el envase bien cerrado en un lugar seco, fresco y bien ventilado. Almacenar alejado de envases de alimentos o materiales incompatibles.<\/p>","protected":false},"excerpt":{"rendered":"<p>Nombre del producto: \u00e1cido k\u00f3jico<br \/>\nN.\u00b0 CAS: 501-30-4<br \/>\nMF: C6H6O4<br \/>\nAspecto: cristales prism\u00e1ticos, aciculares e incoloros.<\/p>","protected":false},"featured_media":3012,"template":"","meta":{"_acf_changed":false,"_gspb_post_css":""},"product_brand":[],"product_cat":[60,129],"product_tag":[],"class_list":{"0":"post-5516","1":"product","2":"type-product","3":"status-publish","4":"has-post-thumbnail","6":"product_cat-cosmetic-ingredients","7":"product_cat-whitening-agent","9":"first","10":"instock","11":"shipping-taxable","12":"product-type-simple"},"acf":[],"_links":{"self":[{"href":"https:\/\/wpachem.com\/es\/wp-json\/wp\/v2\/product\/5516","targetHints":{"allow":["GET"]}}],"collection":[{"href":"https:\/\/wpachem.com\/es\/wp-json\/wp\/v2\/product"}],"about":[{"href":"https:\/\/wpachem.com\/es\/wp-json\/wp\/v2\/types\/product"}],"version-history":[{"count":0,"href":"https:\/\/wpachem.com\/es\/wp-json\/wp\/v2\/product\/5516\/revisions"}],"wp:featuredmedia":[{"embeddable":true,"href":"https:\/\/wpachem.com\/es\/wp-json\/wp\/v2\/media\/3012"}],"wp:attachment":[{"href":"https:\/\/wpachem.com\/es\/wp-json\/wp\/v2\/media?parent=5516"}],"wp:term":[{"taxonomy":"product_brand","embeddable":true,"href":"https:\/\/wpachem.com\/es\/wp-json\/wp\/v2\/product_brand?post=5516"},{"taxonomy":"product_cat","embeddable":true,"href":"https:\/\/wpachem.com\/es\/wp-json\/wp\/v2\/product_cat?post=5516"},{"taxonomy":"product_tag","embeddable":true,"href":"https:\/\/wpachem.com\/es\/wp-json\/wp\/v2\/product_tag?post=5516"}],"curies":[{"name":"wp","href":"https:\/\/api.w.org\/{rel}","templated":true}]}}