{"id":5520,"date":"2023-12-21T08:59:43","date_gmt":"2023-12-21T08:59:43","guid":{"rendered":"https:\/\/wpachem.com\/?post_type=product&#038;p=5520"},"modified":"2024-01-31T05:37:20","modified_gmt":"2024-01-31T05:37:20","slug":"squalane-cas-111-01-3","status":"publish","type":"product","link":"https:\/\/wpachem.com\/es\/producto\/squalane-cas-111-01-3\/","title":{"rendered":"Escualano CAS 111-01-3"},"content":{"rendered":"<p><strong>Caracter\u00edstica<\/strong><\/p>\n<p>El escualano refinado es un l\u00edquido viscoso, aceitoso, transparente, incoloro, ins\u00edpido, inodoro e inerte. Su permeabilidad, lubricidad y permeabilidad son mejores que las de otros aceites y combinan con la mayor\u00eda de las materias primas cosm\u00e9ticas.<\/p>\n<p><strong>Solicitud<\/strong><\/p>\n<p>Puede utilizarse como materia prima oleosa de cosm\u00e9ticos b\u00e1sicos como b\u00e1lsamos y emulsiones nutricionales. El escualeno proporciona ox\u00edgeno y nutrientes a las c\u00e9lulas, promueve el metabolismo celular, forma una membrana de sebo en la capa externa de la piel, previene la p\u00e9rdida de agua y protege contra bacterias, polvo y da\u00f1os por rayos UV.<\/p>\n<p><strong>Embalaje y almacenamiento<\/strong><\/p>\n<p>Almacenar en lugar fresco. Mantener el recipiente bien cerrado en un lugar seco y bien ventilado.<\/p>","protected":false},"excerpt":{"rendered":"<p>Nombre del producto: planta escualano<br \/>\nN\u00famero de caja: 111-01-3<br \/>\nMF: C30H62<br \/>\nAspecto: l\u00edquido viscoso aceitoso transparente incoloro, ins\u00edpido, inodoro, inerte<\/p>","protected":false},"featured_media":3321,"template":"","meta":{"_acf_changed":false,"_gspb_post_css":""},"product_brand":[],"product_cat":[60],"product_tag":[],"class_list":{"0":"post-5520","1":"product","2":"type-product","3":"status-publish","4":"has-post-thumbnail","6":"product_cat-cosmetic-ingredients","8":"first","9":"instock","10":"shipping-taxable","11":"product-type-simple"},"acf":[],"_links":{"self":[{"href":"https:\/\/wpachem.com\/es\/wp-json\/wp\/v2\/product\/5520","targetHints":{"allow":["GET"]}}],"collection":[{"href":"https:\/\/wpachem.com\/es\/wp-json\/wp\/v2\/product"}],"about":[{"href":"https:\/\/wpachem.com\/es\/wp-json\/wp\/v2\/types\/product"}],"version-history":[{"count":0,"href":"https:\/\/wpachem.com\/es\/wp-json\/wp\/v2\/product\/5520\/revisions"}],"wp:featuredmedia":[{"embeddable":true,"href":"https:\/\/wpachem.com\/es\/wp-json\/wp\/v2\/media\/3321"}],"wp:attachment":[{"href":"https:\/\/wpachem.com\/es\/wp-json\/wp\/v2\/media?parent=5520"}],"wp:term":[{"taxonomy":"product_brand","embeddable":true,"href":"https:\/\/wpachem.com\/es\/wp-json\/wp\/v2\/product_brand?post=5520"},{"taxonomy":"product_cat","embeddable":true,"href":"https:\/\/wpachem.com\/es\/wp-json\/wp\/v2\/product_cat?post=5520"},{"taxonomy":"product_tag","embeddable":true,"href":"https:\/\/wpachem.com\/es\/wp-json\/wp\/v2\/product_tag?post=5520"}],"curies":[{"name":"wp","href":"https:\/\/api.w.org\/{rel}","templated":true}]}}