{"id":5597,"date":"2024-01-03T09:41:59","date_gmt":"2024-01-03T09:41:59","guid":{"rendered":"https:\/\/wpapigments.com\/?post_type=product&amp;p=5597"},"modified":"2024-01-03T09:41:59","modified_gmt":"2024-01-03T09:41:59","slug":"pigment-571-pigment-uthol-rubine-l4bw-p-r-571-cas-no-5281-04-9","status":"publish","type":"product","link":"https:\/\/wpachem.com\/es\/producto\/pigment-571-pigment-uthol-rubine-l4bw-p-r-571-cas-no-5281-04-9\/","title":{"rendered":"Pigmento 57:1\/Pigmento Uthol Rubine L4BW\/PR57:1 No. CAS 5281-04-9"},"content":{"rendered":"<p><b>Nombre del producto:<\/b><\/p>\n<p>Pigmento Uthol Rubina L4BW\/PR57:1<\/p>\n<p><b>Personaje:<\/b><br \/>\nPolvo rojo claro azul, color brillante, fuerte poder colorante, insoluble en etanol, soluble en agua caliente a rojo claro amarillo. Buena fluidez en tinta y buena estabilidad.<\/p>\n<p><b>Propiedades f\u00edsicas y qu\u00edmicas:<\/b><\/p>\n<table width=\"753\">\n<tbody>\n<tr>\n<td colspan=\"2\" rowspan=\"2\" width=\"334\">\u7269\u5316\u6570\u636e<br \/>\nDatos f\u00edsicos<\/td>\n<td width=\"239\">\u6bd4\u91cd Densidad g\/CM3<\/td>\n<td width=\"180\">1.50-1.70<\/td>\n<\/tr>\n<tr>\n<td width=\"239\">\u5438\u6cb9\u91cf Aceite de Aborto ml\/100g<\/td>\n<td width=\"180\">55-85<\/td>\n<\/tr>\n<tr>\n<td colspan=\"2\" rowspan=\"7\" width=\"334\">\u7262\u5ea6\u6027\u80fd<br \/>\nPropiedades de solidez<\/td>\n<td width=\"239\">\u8010\u5149\u6027 Solidez a la luz<\/td>\n<td width=\"180\">3<\/td>\n<\/tr>\n<tr>\n<td width=\"239\">\u8010\u70ed\u6027 Resistencia al calor<\/td>\n<td width=\"180\">160<\/td>\n<\/tr>\n<tr>\n<td width=\"239\">\u8010\u6c34\u6027 Resistencia al agua<\/td>\n<td width=\"180\">5<\/td>\n<\/tr>\n<tr>\n<td width=\"239\">\u8010\u6cb9\u6027 Resistencia al aceite<\/td>\n<td width=\"180\">5<\/td>\n<\/tr>\n<tr>\n<td width=\"239\">\u8010\u9178\u6027 Resistencia a los \u00e1cidos<\/td>\n<td width=\"180\">3<\/td>\n<\/tr>\n<tr>\n<td width=\"239\">Resistencia a los \u00e1lcalis<\/td>\n<td width=\"180\">3<\/td>\n<\/tr>\n<tr>\n<td width=\"239\">\u8010\u9187\u6027Resistencia al alcohol<\/td>\n<td width=\"180\">4<\/td>\n<\/tr>\n<\/tbody>\n<\/table>\n<p>&nbsp;<\/p>\n<p><strong>Solicitud:<\/strong><\/p>\n<p>Se utiliza principalmente para colorear pinturas, tintas, \u00f3leos y pigmentos de acuarela, y tambi\u00e9n se puede utilizar para colorear caucho, alambres de pl\u00e1stico, electrospray y productos qu\u00edmicos diarios.<\/p>\n<p>1) Uso de pintura: pintura industrial, recubrimiento en polvo, recubrimiento decorativo, impresi\u00f3n textil, pintura a base de agua<\/p>\n<p>2) Uso de pl\u00e1stico: PVC, PP, PE, PS, ABS<\/p>\n<p>3) Uso de tinta: tinta offset, tinta a base de agua<\/p>","protected":false},"excerpt":{"rendered":"<p><strong>Nombre del producto:<\/strong> Pigmento Uthol Rubina L4BW<\/p>\n<p><strong>Indice de color:<\/strong> PR57:1<\/p>\n<p><strong>Apariencia:<\/strong> polvo rojo<\/p>\n<p><strong>No CAS.:<\/strong> 5281-04-9<\/p>\n<p><strong>Otro nombre:<\/strong><\/p>\n<p>CI 15850;<\/p>\n<p>PIGMENTO ROJO 57;<\/p>\n<p>LITOL RUBIN BCA;<\/p>\n<p>Lithol Rubine B;<\/p>\n<p>E180;D&amp;CRED7;<\/p>\n<p>C Rojo 7; Rubina 4BN;<\/p>\n<p>CI15850:1;<\/p>\n<p>&nbsp;<\/p>\n<p>&nbsp;<\/p>\n<p>&nbsp;<\/p>\n<p>&nbsp;<\/p>","protected":false},"featured_media":7616,"template":"","meta":{"_acf_changed":false,"_gspb_post_css":""},"product_brand":[],"product_cat":[161,162,163],"product_tag":[],"class_list":{"0":"post-5597","1":"product","2":"type-product","3":"status-publish","4":"has-post-thumbnail","6":"product_cat-for-plastics","7":"product_cat-for-inks","8":"product_cat-for-paints-and-coatings","10":"first","11":"instock","12":"shipping-taxable","13":"product-type-simple"},"acf":[],"_links":{"self":[{"href":"https:\/\/wpachem.com\/es\/wp-json\/wp\/v2\/product\/5597","targetHints":{"allow":["GET"]}}],"collection":[{"href":"https:\/\/wpachem.com\/es\/wp-json\/wp\/v2\/product"}],"about":[{"href":"https:\/\/wpachem.com\/es\/wp-json\/wp\/v2\/types\/product"}],"version-history":[{"count":0,"href":"https:\/\/wpachem.com\/es\/wp-json\/wp\/v2\/product\/5597\/revisions"}],"wp:featuredmedia":[{"embeddable":true,"href":"https:\/\/wpachem.com\/es\/wp-json\/wp\/v2\/media\/7616"}],"wp:attachment":[{"href":"https:\/\/wpachem.com\/es\/wp-json\/wp\/v2\/media?parent=5597"}],"wp:term":[{"taxonomy":"product_brand","embeddable":true,"href":"https:\/\/wpachem.com\/es\/wp-json\/wp\/v2\/product_brand?post=5597"},{"taxonomy":"product_cat","embeddable":true,"href":"https:\/\/wpachem.com\/es\/wp-json\/wp\/v2\/product_cat?post=5597"},{"taxonomy":"product_tag","embeddable":true,"href":"https:\/\/wpachem.com\/es\/wp-json\/wp\/v2\/product_tag?post=5597"}],"curies":[{"name":"wp","href":"https:\/\/api.w.org\/{rel}","templated":true}]}}