{"id":5626,"date":"2024-01-26T08:40:19","date_gmt":"2024-01-26T08:40:19","guid":{"rendered":"https:\/\/wpachem.com\/?post_type=product&#038;p=5626"},"modified":"2024-01-26T09:15:23","modified_gmt":"2024-01-26T09:15:23","slug":"vitamin-b4-choline-chloride-cas-67-48-1","status":"publish","type":"product","link":"https:\/\/wpachem.com\/es\/producto\/vitamin-b4-choline-chloride-cas-67-48-1\/","title":{"rendered":"Vitamina B4 (cloruro de colina) CAS 67-48-1"},"content":{"rendered":"<div><strong><span data-spm-anchor-id=\"a2700.details.0.i23.4db3381coUncIN\">\u00bfQu\u00e9 es la vitamina C en polvo?<\/span><\/strong><\/div>\n<div class=\"magic-23\">\n<div class=\"magic-23\" data-spm-anchor-id=\"a2700.details.0.i26.70326dc12rqLNy\">La vitamina B4 son cristales higrosc\u00f3picos blancos, inodoros y con olor a pescado. El cloruro de colina se puede utilizar como aditivo nutricional.<\/div>\n<\/div>\n<p><strong>\u00bfD\u00f3nde se puede utilizar la vitamina C en polvo?<\/strong><\/p>\n<p>El cloruro de colina es un acelerador de la fotos\u00edntesis de las plantas que tiene un efecto significativo en el aumento del rendimiento. Puede usarse para aumentar el rendimiento de ma\u00edz, ca\u00f1a de az\u00facar, batata, papa, r\u00e1bano, cebolla, algod\u00f3n, tabaco, vegetales, uvas, mango, etc. Se usa para tratar el h\u00edgado graso y la cirrosis. Tambi\u00e9n se utiliza como aditivo alimentario para aves de corral y ganado, ya que puede estimular los ovarios para que produzcan m\u00e1s \u00f3vulos, den a luz y aumenten el crecimiento de aves y peces. El cloruro de colina es el clorhidrato de colina y es un eficaz complemento nutricional y eliminador de l\u00edpidos. . Puede promover el metabolismo de las grasas y prevenir la acumulaci\u00f3n de grasa en el h\u00edgado. Como producto vitam\u00ednico, se utiliza ampliamente en medicamentos, productos sanitarios y complementos nutricionales alimentarios. Como aditivo alimentario, los usuarios dom\u00e9sticos prefieren el cloruro de colina por su alto contenido de colina (85%) y su bajo precio.<\/p>","protected":false},"excerpt":{"rendered":"<p>Nombre del producto: vitamina B4<br \/>\nN\u00famero CAS: 67-48-1<br \/>\nFrecuencia intermedia: C5H14ClNO<br \/>\nApariencia: cristales higrosc\u00f3picos blancos.<\/p>","protected":false},"featured_media":2160,"template":"","meta":{"_acf_changed":false,"_gspb_post_css":""},"product_brand":[],"product_cat":[55,103],"product_tag":[],"class_list":{"0":"post-5626","1":"product","2":"type-product","3":"status-publish","4":"has-post-thumbnail","6":"product_cat-food-additives","7":"product_cat-nutrition-enhancer","9":"first","10":"instock","11":"shipping-taxable","12":"product-type-simple"},"acf":[],"_links":{"self":[{"href":"https:\/\/wpachem.com\/es\/wp-json\/wp\/v2\/product\/5626","targetHints":{"allow":["GET"]}}],"collection":[{"href":"https:\/\/wpachem.com\/es\/wp-json\/wp\/v2\/product"}],"about":[{"href":"https:\/\/wpachem.com\/es\/wp-json\/wp\/v2\/types\/product"}],"version-history":[{"count":0,"href":"https:\/\/wpachem.com\/es\/wp-json\/wp\/v2\/product\/5626\/revisions"}],"wp:featuredmedia":[{"embeddable":true,"href":"https:\/\/wpachem.com\/es\/wp-json\/wp\/v2\/media\/2160"}],"wp:attachment":[{"href":"https:\/\/wpachem.com\/es\/wp-json\/wp\/v2\/media?parent=5626"}],"wp:term":[{"taxonomy":"product_brand","embeddable":true,"href":"https:\/\/wpachem.com\/es\/wp-json\/wp\/v2\/product_brand?post=5626"},{"taxonomy":"product_cat","embeddable":true,"href":"https:\/\/wpachem.com\/es\/wp-json\/wp\/v2\/product_cat?post=5626"},{"taxonomy":"product_tag","embeddable":true,"href":"https:\/\/wpachem.com\/es\/wp-json\/wp\/v2\/product_tag?post=5626"}],"curies":[{"name":"wp","href":"https:\/\/api.w.org\/{rel}","templated":true}]}}