{"id":5777,"date":"2024-01-31T07:45:35","date_gmt":"2024-01-31T07:45:35","guid":{"rendered":"https:\/\/wpachem.com\/?post_type=product&#038;p=5777"},"modified":"2024-01-31T07:53:43","modified_gmt":"2024-01-31T07:53:43","slug":"l-glutamine-cas-56-85-9","status":"publish","type":"product","link":"https:\/\/wpachem.com\/es\/producto\/l-glutamine-cas-56-85-9\/","title":{"rendered":"L-Glutamina CAS 56-85-9"},"content":{"rendered":"<p>La L-glutamina es una sustancia cristalina o en polvo blanco.<\/p>\n<p><strong>Solicitud<\/strong><\/p>\n<p>Suplementos nutricionales, aromatizantes y saborizantes.<\/p>\n<p>Se utiliza con fines medicinales para tratar \u00falceras de los \u00f3rganos digestivos, intoxicaci\u00f3n alcoh\u00f3lica y mejorar la funci\u00f3n cerebral.<\/p>\n<p><strong>Embalaje y almacenamiento<\/strong><\/p>\n<p>25 kg\/tambor<\/p>","protected":false},"excerpt":{"rendered":"<p>Nombre del producto: L-Glutamina<\/p>\n<p>CAS: 56-85-9<\/p>\n<p>MF: C5H10N2O3<\/p>\n<p>Apariencia: Cristal blanco<\/p>","protected":false},"featured_media":5175,"template":"","meta":{"_acf_changed":false,"_gspb_post_css":""},"product_brand":[],"product_cat":[55,103],"product_tag":[],"class_list":{"0":"post-5777","1":"product","2":"type-product","3":"status-publish","4":"has-post-thumbnail","6":"product_cat-food-additives","7":"product_cat-nutrition-enhancer","9":"first","10":"instock","11":"shipping-taxable","12":"product-type-simple"},"acf":[],"_links":{"self":[{"href":"https:\/\/wpachem.com\/es\/wp-json\/wp\/v2\/product\/5777","targetHints":{"allow":["GET"]}}],"collection":[{"href":"https:\/\/wpachem.com\/es\/wp-json\/wp\/v2\/product"}],"about":[{"href":"https:\/\/wpachem.com\/es\/wp-json\/wp\/v2\/types\/product"}],"version-history":[{"count":0,"href":"https:\/\/wpachem.com\/es\/wp-json\/wp\/v2\/product\/5777\/revisions"}],"wp:featuredmedia":[{"embeddable":true,"href":"https:\/\/wpachem.com\/es\/wp-json\/wp\/v2\/media\/5175"}],"wp:attachment":[{"href":"https:\/\/wpachem.com\/es\/wp-json\/wp\/v2\/media?parent=5777"}],"wp:term":[{"taxonomy":"product_brand","embeddable":true,"href":"https:\/\/wpachem.com\/es\/wp-json\/wp\/v2\/product_brand?post=5777"},{"taxonomy":"product_cat","embeddable":true,"href":"https:\/\/wpachem.com\/es\/wp-json\/wp\/v2\/product_cat?post=5777"},{"taxonomy":"product_tag","embeddable":true,"href":"https:\/\/wpachem.com\/es\/wp-json\/wp\/v2\/product_tag?post=5777"}],"curies":[{"name":"wp","href":"https:\/\/api.w.org\/{rel}","templated":true}]}}