{"id":5783,"date":"2024-01-31T08:41:55","date_gmt":"2024-01-31T08:41:55","guid":{"rendered":"https:\/\/wpachem.com\/?post_type=product&#038;p=5783"},"modified":"2024-01-31T09:14:54","modified_gmt":"2024-01-31T09:14:54","slug":"l-valine-cas-72-18-4","status":"publish","type":"product","link":"https:\/\/wpachem.com\/es\/producto\/l-valine-cas-72-18-4\/","title":{"rendered":"L-Valina CAS 72-18-4"},"content":{"rendered":"<p>La L-Valina es un cristal monocl\u00ednico blanco o un polvo cristalino.<\/p>\n<p><strong>Solicitud<\/strong><\/p>\n<p>Suplemento nutricional, puede utilizarse como componente principal de infusiones de amino\u00e1cidos y preparaciones integrales de amino\u00e1cidos. La L-valina es uno de los tres amino\u00e1cidos de cadena ramificada. Es un amino\u00e1cido esencial y puede tratar la insuficiencia hep\u00e1tica y la disfunci\u00f3n del sistema nervioso central.<\/p>\n<p><strong>Embalaje y almacenamiento<\/strong><\/p>\n<p>25 KG\/BOLSA<\/p>\n<p>25 KG\/TAMBOR<\/p>","protected":false},"excerpt":{"rendered":"<p>Nombre del producto: L-Valina<\/p>\n<p>CAS:72-18-4<\/p>\n<p>MF: C5H11NO2<\/p>\n<p>Apariencia: Cristal blanco<\/p>","protected":false},"featured_media":5175,"template":"","meta":{"_acf_changed":false,"_gspb_post_css":""},"product_brand":[],"product_cat":[55,103],"product_tag":[],"class_list":{"0":"post-5783","1":"product","2":"type-product","3":"status-publish","4":"has-post-thumbnail","6":"product_cat-food-additives","7":"product_cat-nutrition-enhancer","9":"first","10":"instock","11":"shipping-taxable","12":"product-type-simple"},"acf":[],"_links":{"self":[{"href":"https:\/\/wpachem.com\/es\/wp-json\/wp\/v2\/product\/5783","targetHints":{"allow":["GET"]}}],"collection":[{"href":"https:\/\/wpachem.com\/es\/wp-json\/wp\/v2\/product"}],"about":[{"href":"https:\/\/wpachem.com\/es\/wp-json\/wp\/v2\/types\/product"}],"version-history":[{"count":0,"href":"https:\/\/wpachem.com\/es\/wp-json\/wp\/v2\/product\/5783\/revisions"}],"wp:featuredmedia":[{"embeddable":true,"href":"https:\/\/wpachem.com\/es\/wp-json\/wp\/v2\/media\/5175"}],"wp:attachment":[{"href":"https:\/\/wpachem.com\/es\/wp-json\/wp\/v2\/media?parent=5783"}],"wp:term":[{"taxonomy":"product_brand","embeddable":true,"href":"https:\/\/wpachem.com\/es\/wp-json\/wp\/v2\/product_brand?post=5783"},{"taxonomy":"product_cat","embeddable":true,"href":"https:\/\/wpachem.com\/es\/wp-json\/wp\/v2\/product_cat?post=5783"},{"taxonomy":"product_tag","embeddable":true,"href":"https:\/\/wpachem.com\/es\/wp-json\/wp\/v2\/product_tag?post=5783"}],"curies":[{"name":"wp","href":"https:\/\/api.w.org\/{rel}","templated":true}]}}