{"id":5787,"date":"2024-02-01T08:26:06","date_gmt":"2024-02-01T08:26:06","guid":{"rendered":"https:\/\/wpachem.com\/?post_type=product&#038;p=5787"},"modified":"2024-02-01T09:33:26","modified_gmt":"2024-02-01T09:33:26","slug":"hydrocotyle-asiatica-extract-cas-84696-21-9-hydrocotyleasiaticaextract","status":"publish","type":"product","link":"https:\/\/wpachem.com\/es\/producto\/hydrocotyle-asiatica-extract-cas-84696-21-9-hydrocotyleasiaticaextract\/","title":{"rendered":"Extracto de hidrocotyle asi\u00e1tica CAS 84696-21-9 Extracto de hidrocotyleasiatica"},"content":{"rendered":"<p>Suele ser un polvo de color amarillo claro a gris pardusco.<\/p>\n<p><strong>Solicitud<\/strong><\/p>\n<p>\u2013 Cuidado de la piel: el extracto de Centella asi\u00e1tica se usa ampliamente en cosm\u00e9ticos y productos para el cuidado de la piel debido a su capacidad para promover la s\u00edntesis de col\u00e1geno, que puede mejorar la elasticidad y firmeza de la piel y reducir las l\u00edneas finas y las arrugas.<br \/>\n\u2013 Cicatrizaci\u00f3n de heridas: el extracto de Centella asi\u00e1tica tambi\u00e9n ayuda a acelerar el proceso de cicatrizaci\u00f3n de heridas y reducir las cicatrices.<br \/>\n\u2013 Antioxidante: Tiene efectos antioxidantes y puede ayudar a reducir el da\u00f1o celular causado por los radicales libres.<\/p>\n<p><strong>Embalaje y almacenamiento<\/strong><\/p>\n<p>25 KG\/BOLSA<\/p>\n<p>25 KG\/TAMBOR<\/p>","protected":false},"excerpt":{"rendered":"<p>Nombre del producto: Extracto de hidrocotilo asi\u00e1tico<\/p>\n<p>CAS:84696-21-9<\/p>\n<p>Apariencia: Polvo blanco<\/p>","protected":false},"featured_media":5175,"template":"","meta":{"_acf_changed":false,"_gspb_post_css":""},"product_brand":[],"product_cat":[122,125],"product_tag":[],"class_list":{"0":"post-5787","1":"product","2":"type-product","3":"status-publish","4":"has-post-thumbnail","6":"product_cat-plant-extract","7":"product_cat-cosmetic-raw-materials","9":"first","10":"instock","11":"shipping-taxable","12":"product-type-simple"},"acf":[],"_links":{"self":[{"href":"https:\/\/wpachem.com\/es\/wp-json\/wp\/v2\/product\/5787","targetHints":{"allow":["GET"]}}],"collection":[{"href":"https:\/\/wpachem.com\/es\/wp-json\/wp\/v2\/product"}],"about":[{"href":"https:\/\/wpachem.com\/es\/wp-json\/wp\/v2\/types\/product"}],"version-history":[{"count":0,"href":"https:\/\/wpachem.com\/es\/wp-json\/wp\/v2\/product\/5787\/revisions"}],"wp:featuredmedia":[{"embeddable":true,"href":"https:\/\/wpachem.com\/es\/wp-json\/wp\/v2\/media\/5175"}],"wp:attachment":[{"href":"https:\/\/wpachem.com\/es\/wp-json\/wp\/v2\/media?parent=5787"}],"wp:term":[{"taxonomy":"product_brand","embeddable":true,"href":"https:\/\/wpachem.com\/es\/wp-json\/wp\/v2\/product_brand?post=5787"},{"taxonomy":"product_cat","embeddable":true,"href":"https:\/\/wpachem.com\/es\/wp-json\/wp\/v2\/product_cat?post=5787"},{"taxonomy":"product_tag","embeddable":true,"href":"https:\/\/wpachem.com\/es\/wp-json\/wp\/v2\/product_tag?post=5787"}],"curies":[{"name":"wp","href":"https:\/\/api.w.org\/{rel}","templated":true}]}}