{"id":5789,"date":"2024-02-01T09:33:52","date_gmt":"2024-02-01T09:33:52","guid":{"rendered":"https:\/\/wpachem.com\/?post_type=product&#038;p=5789"},"modified":"2024-02-01T09:39:19","modified_gmt":"2024-02-01T09:39:19","slug":"dipotassium-glycyrrhizinate-cas-68797-35-3-18b-glycyrrhizic-acid-dipotassiumsalt","status":"publish","type":"product","link":"https:\/\/wpachem.com\/es\/producto\/dipotassium-glycyrrhizinate-cas-68797-35-3-18b-glycyrrhizic-acid-dipotassiumsalt\/","title":{"rendered":"Glicirrizinato dipot\u00e1sico CAS 68797-35-3 Sal dipot\u00e1sica del \u00e1cido 18b-glicirricico"},"content":{"rendered":"<p>El glicirricinato de dipotasio es un polvo cristalino blanco, soluble en agua y ligeramente soluble en metanol y etanol. Tiene las propiedades caracter\u00edsticas del \u00e1cido glicirr\u00edcico y tiene cierto dulzor.<\/p>\n<p><strong>Solicitud<\/strong><\/p>\n<p>El glicirricinato de dipotasio se utiliza ampliamente en las industrias farmac\u00e9utica y alimentaria.<\/p>\n<p>En el campo de la medicina, se utiliza a menudo para tratar la tos y la bronquitis, y puede calmar la garganta y los bronquios.<\/p>\n<p>En la industria alimentaria, se utiliza como aditivo alimentario para aportar dulzura y aumentar el sabor de los alimentos.<\/p>\n<p><strong>Embalaje y almacenamiento<\/strong><\/p>\n<p>25 KG\/BOLSA<\/p>\n<p>25 KG\/TAMBOR<\/p>","protected":false},"excerpt":{"rendered":"<p>Nombre del producto: Glicirrizinato de dipotasio<\/p>\n<p>CAS: 68797-35-3<\/p>\n<p>MF:C42H63KO16<\/p>\n<p>Apariencia: Cristal blanco<\/p>","protected":false},"featured_media":5175,"template":"","meta":{"_acf_changed":false,"_gspb_post_css":""},"product_brand":[],"product_cat":[122,125],"product_tag":[],"class_list":{"0":"post-5789","1":"product","2":"type-product","3":"status-publish","4":"has-post-thumbnail","6":"product_cat-plant-extract","7":"product_cat-cosmetic-raw-materials","9":"first","10":"instock","11":"shipping-taxable","12":"product-type-simple"},"acf":[],"_links":{"self":[{"href":"https:\/\/wpachem.com\/es\/wp-json\/wp\/v2\/product\/5789","targetHints":{"allow":["GET"]}}],"collection":[{"href":"https:\/\/wpachem.com\/es\/wp-json\/wp\/v2\/product"}],"about":[{"href":"https:\/\/wpachem.com\/es\/wp-json\/wp\/v2\/types\/product"}],"version-history":[{"count":0,"href":"https:\/\/wpachem.com\/es\/wp-json\/wp\/v2\/product\/5789\/revisions"}],"wp:featuredmedia":[{"embeddable":true,"href":"https:\/\/wpachem.com\/es\/wp-json\/wp\/v2\/media\/5175"}],"wp:attachment":[{"href":"https:\/\/wpachem.com\/es\/wp-json\/wp\/v2\/media?parent=5789"}],"wp:term":[{"taxonomy":"product_brand","embeddable":true,"href":"https:\/\/wpachem.com\/es\/wp-json\/wp\/v2\/product_brand?post=5789"},{"taxonomy":"product_cat","embeddable":true,"href":"https:\/\/wpachem.com\/es\/wp-json\/wp\/v2\/product_cat?post=5789"},{"taxonomy":"product_tag","embeddable":true,"href":"https:\/\/wpachem.com\/es\/wp-json\/wp\/v2\/product_tag?post=5789"}],"curies":[{"name":"wp","href":"https:\/\/api.w.org\/{rel}","templated":true}]}}