{"id":5791,"date":"2024-02-02T06:07:00","date_gmt":"2024-02-02T06:07:00","guid":{"rendered":"https:\/\/wpachem.com\/?post_type=product&#038;p=5791"},"modified":"2024-02-02T06:10:58","modified_gmt":"2024-02-02T06:10:58","slug":"allantoin-cas-97-59-6-glyoxylic-diureide-5-ureidohydantoin-glyoxyldiureid","status":"publish","type":"product","link":"https:\/\/wpachem.com\/es\/producto\/allantoin-cas-97-59-6-glyoxylic-diureide-5-ureidohydantoin-glyoxyldiureid\/","title":{"rendered":"Alanto\u00edna CAS 97-59-6 Diureido gliox\u00edlico 5-ureidohidanto\u00edna Glyoxyldiureid"},"content":{"rendered":"<p>Es un s\u00f3lido cristalino incoloro, soluble en agua y disolventes alcoh\u00f3licos, y tiene alta estabilidad t\u00e9rmica.<\/p>\n<p><strong>Solicitud<\/strong><\/p>\n<p>La alanto\u00edna tiene muchos usos.<br \/>\nEn primer lugar, se utiliza ampliamente como aditivo fertilizante y, cuando es absorbido por las plantas, proporciona el nitr\u00f3geno que necesitan.<br \/>\nEn segundo lugar, la alanto\u00edna se puede utilizar para preparar coadyuvantes de procesamiento de caucho, resinas sint\u00e9ticas, colorantes y agentes blanqueadores fluorescentes, etc.<br \/>\nAdem\u00e1s, la alanto\u00edna tambi\u00e9n se puede utilizar para preparar reactivos qu\u00edmicos y utilizarse como sustancia est\u00e1ndar para el an\u00e1lisis de orina en el diagn\u00f3stico m\u00e9dico.<\/p>\n<p><strong>Embalaje y almacenamiento<\/strong><\/p>\n<p>25 KG\/BOLSA<\/p>\n<p>25 KG\/TAMBOR<\/p>","protected":false},"excerpt":{"rendered":"<p>Nombre del producto: Alanto\u00edna<\/p>\n<p>N\u00famero de serie: 97-59-6<\/p>\n<p>MF:C42H63KO16<\/p>\n<p>Aspecto: s\u00f3lido cristalino incoloro<\/p>","protected":false},"featured_media":5175,"template":"","meta":{"_acf_changed":false,"_gspb_post_css":""},"product_brand":[],"product_cat":[60],"product_tag":[],"class_list":{"0":"post-5791","1":"product","2":"type-product","3":"status-publish","4":"has-post-thumbnail","6":"product_cat-cosmetic-ingredients","8":"first","9":"instock","10":"shipping-taxable","11":"product-type-simple"},"acf":[],"_links":{"self":[{"href":"https:\/\/wpachem.com\/es\/wp-json\/wp\/v2\/product\/5791","targetHints":{"allow":["GET"]}}],"collection":[{"href":"https:\/\/wpachem.com\/es\/wp-json\/wp\/v2\/product"}],"about":[{"href":"https:\/\/wpachem.com\/es\/wp-json\/wp\/v2\/types\/product"}],"version-history":[{"count":0,"href":"https:\/\/wpachem.com\/es\/wp-json\/wp\/v2\/product\/5791\/revisions"}],"wp:featuredmedia":[{"embeddable":true,"href":"https:\/\/wpachem.com\/es\/wp-json\/wp\/v2\/media\/5175"}],"wp:attachment":[{"href":"https:\/\/wpachem.com\/es\/wp-json\/wp\/v2\/media?parent=5791"}],"wp:term":[{"taxonomy":"product_brand","embeddable":true,"href":"https:\/\/wpachem.com\/es\/wp-json\/wp\/v2\/product_brand?post=5791"},{"taxonomy":"product_cat","embeddable":true,"href":"https:\/\/wpachem.com\/es\/wp-json\/wp\/v2\/product_cat?post=5791"},{"taxonomy":"product_tag","embeddable":true,"href":"https:\/\/wpachem.com\/es\/wp-json\/wp\/v2\/product_tag?post=5791"}],"curies":[{"name":"wp","href":"https:\/\/api.w.org\/{rel}","templated":true}]}}