{"id":5793,"date":"2024-02-02T06:11:36","date_gmt":"2024-02-02T06:11:36","guid":{"rendered":"https:\/\/wpachem.com\/?post_type=product&#038;p=5793"},"modified":"2024-02-02T06:16:24","modified_gmt":"2024-02-02T06:16:24","slug":"piroctone-olamine-cas-68890-66-4-1-hydroxy-4-methyl-62-4-4-trimethylpentyl2-pyridon-monoethanolamine-salt","status":"publish","type":"product","link":"https:\/\/wpachem.com\/es\/producto\/piroctone-olamine-cas-68890-66-4-1-hydroxy-4-methyl-62-4-4-trimethylpentyl2-pyridon-monoethanolamine-salt\/","title":{"rendered":"Piroctona olamina CAS 68890-66-4 Sal de monoetanolamina de 1-hidroxi-4-metil-6 (2 4 4-trimetilpentil) 2-pirid\u00f3n"},"content":{"rendered":"<p>Es un l\u00edquido incoloro con un olor especial.<\/p>\n<p><strong>Solicitud<\/strong><\/p>\n<p>1. S\u00edntesis qu\u00edmica: La oxipiridona puede utilizarse como un intermedio sint\u00e9tico importante para la s\u00edntesis de otros compuestos org\u00e1nicos.<\/p>\n<p>2. Cosm\u00e9ticos y productos de cuidado personal: La oxipiridona se usa com\u00fanmente en tintes para el cabello, rizadores permanentes y ceras para el cabello para cambiar el color y la forma del cabello.<\/p>\n<p>3. Campo farmac\u00e9utico: La oxipiridona tiene potenciales aplicaciones farmac\u00e9uticas, como la investigaci\u00f3n en antienvejecimiento y regulaci\u00f3n inmunol\u00f3gica.<\/p>\n<p><strong>Embalaje y almacenamiento<\/strong><\/p>\n<p>25 KG\/TAMBOR<\/p>","protected":false},"excerpt":{"rendered":"<p>Nombre del producto: Piroctona olamina<\/p>\n<p>CAS:68890-66-4<\/p>\n<p>MF:C16H30N2O3<\/p>\n<p>Aspecto: l\u00edquido incoloro<\/p>","protected":false},"featured_media":2212,"template":"","meta":{"_acf_changed":false,"_gspb_post_css":""},"product_brand":[],"product_cat":[60],"product_tag":[],"class_list":{"0":"post-5793","1":"product","2":"type-product","3":"status-publish","4":"has-post-thumbnail","6":"product_cat-cosmetic-ingredients","8":"first","9":"instock","10":"shipping-taxable","11":"product-type-simple"},"acf":[],"_links":{"self":[{"href":"https:\/\/wpachem.com\/es\/wp-json\/wp\/v2\/product\/5793","targetHints":{"allow":["GET"]}}],"collection":[{"href":"https:\/\/wpachem.com\/es\/wp-json\/wp\/v2\/product"}],"about":[{"href":"https:\/\/wpachem.com\/es\/wp-json\/wp\/v2\/types\/product"}],"version-history":[{"count":0,"href":"https:\/\/wpachem.com\/es\/wp-json\/wp\/v2\/product\/5793\/revisions"}],"wp:featuredmedia":[{"embeddable":true,"href":"https:\/\/wpachem.com\/es\/wp-json\/wp\/v2\/media\/2212"}],"wp:attachment":[{"href":"https:\/\/wpachem.com\/es\/wp-json\/wp\/v2\/media?parent=5793"}],"wp:term":[{"taxonomy":"product_brand","embeddable":true,"href":"https:\/\/wpachem.com\/es\/wp-json\/wp\/v2\/product_brand?post=5793"},{"taxonomy":"product_cat","embeddable":true,"href":"https:\/\/wpachem.com\/es\/wp-json\/wp\/v2\/product_cat?post=5793"},{"taxonomy":"product_tag","embeddable":true,"href":"https:\/\/wpachem.com\/es\/wp-json\/wp\/v2\/product_tag?post=5793"}],"curies":[{"name":"wp","href":"https:\/\/api.w.org\/{rel}","templated":true}]}}