{"id":5795,"date":"2024-02-02T06:16:34","date_gmt":"2024-02-02T06:16:34","guid":{"rendered":"https:\/\/wpachem.com\/?post_type=product&#038;p=5795"},"modified":"2024-02-02T06:19:57","modified_gmt":"2024-02-02T06:19:57","slug":"ginger-extract-cas-84696-15-1-cosmetics-raw-material-beauty-gingerextract-high-quality-cosmetic-ingredients","status":"publish","type":"product","link":"https:\/\/wpachem.com\/es\/producto\/ginger-extract-cas-84696-15-1-cosmetics-raw-material-beauty-gingerextract-high-quality-cosmetic-ingredients\/","title":{"rendered":"Extracto de jengibre CAS 84696-15-1 Cosm\u00e9ticos Materia prima Belleza Extracto de jengibre Ingredientes cosm\u00e9ticos de alta calidad"},"content":{"rendered":"<p>L\u00edquido o polvo de color amarillo claro a marr\u00f3n<\/p>\n<p><strong>Solicitud<\/strong><\/p>\n<p>\u2013 Industria alimentaria: el extracto de jengibre se puede utilizar como agente aromatizante, aditivo alimentario de jengibre, alimentos saludables, etc.<br \/>\n\u2013 Aplicaciones medicinales: El extracto de jengibre se utiliza ampliamente en la medicina tradicional y en las preparaciones farmac\u00e9uticas modernas para aliviar las molestias gastrointestinales, ser antiinflamatorio, analgesia y mejorar la inmunidad.<br \/>\n\u2013 Industria cosm\u00e9tica: el extracto de jengibre se encuentra a menudo en productos de belleza y cuidado de la piel y tiene la funci\u00f3n de eliminar el acn\u00e9, calmar la piel sensible e iluminar el tono de la piel.<\/p>\n<p><strong>Embalaje y almacenamiento<\/strong><\/p>\n<p>25 KG\/BOLSA<\/p>\n<p>25 KG\/TAMBOR<\/p>","protected":false},"excerpt":{"rendered":"<p>Nombre del producto: Extracto de jengibre<\/p>\n<p>CAS: 84696-15-1<\/p>\n<p>Frecuencia intermedia: C21H34O4<\/p>\n<p>Apariencia: L\u00edquido o polvo de color amarillo claro a marr\u00f3n.<\/p>","protected":false},"featured_media":5134,"template":"","meta":{"_acf_changed":false,"_gspb_post_css":""},"product_brand":[],"product_cat":[122,125,124],"product_tag":[],"class_list":{"0":"post-5795","1":"product","2":"type-product","3":"status-publish","4":"has-post-thumbnail","6":"product_cat-plant-extract","7":"product_cat-cosmetic-raw-materials","8":"product_cat-food-additives-plant-extract","10":"first","11":"instock","12":"shipping-taxable","13":"product-type-simple"},"acf":[],"_links":{"self":[{"href":"https:\/\/wpachem.com\/es\/wp-json\/wp\/v2\/product\/5795","targetHints":{"allow":["GET"]}}],"collection":[{"href":"https:\/\/wpachem.com\/es\/wp-json\/wp\/v2\/product"}],"about":[{"href":"https:\/\/wpachem.com\/es\/wp-json\/wp\/v2\/types\/product"}],"version-history":[{"count":0,"href":"https:\/\/wpachem.com\/es\/wp-json\/wp\/v2\/product\/5795\/revisions"}],"wp:featuredmedia":[{"embeddable":true,"href":"https:\/\/wpachem.com\/es\/wp-json\/wp\/v2\/media\/5134"}],"wp:attachment":[{"href":"https:\/\/wpachem.com\/es\/wp-json\/wp\/v2\/media?parent=5795"}],"wp:term":[{"taxonomy":"product_brand","embeddable":true,"href":"https:\/\/wpachem.com\/es\/wp-json\/wp\/v2\/product_brand?post=5795"},{"taxonomy":"product_cat","embeddable":true,"href":"https:\/\/wpachem.com\/es\/wp-json\/wp\/v2\/product_cat?post=5795"},{"taxonomy":"product_tag","embeddable":true,"href":"https:\/\/wpachem.com\/es\/wp-json\/wp\/v2\/product_tag?post=5795"}],"curies":[{"name":"wp","href":"https:\/\/api.w.org\/{rel}","templated":true}]}}