{"id":5797,"date":"2024-02-02T06:20:19","date_gmt":"2024-02-02T06:20:19","guid":{"rendered":"https:\/\/wpachem.com\/?post_type=product&#038;p=5797"},"modified":"2024-02-02T06:24:10","modified_gmt":"2024-02-02T06:24:10","slug":"rutin-cas-153-18-4-quercetin-36-o-alpha-l-rhamnopyranosyl-glucopyranosidbeta-d","status":"publish","type":"product","link":"https:\/\/wpachem.com\/es\/producto\/rutin-cas-153-18-4-quercetin-36-o-alpha-l-rhamnopyranosyl-glucopyranosidbeta-d\/","title":{"rendered":"Rutina CAS 153-18-4 Quercetina-36-o-alfa-l-ramnopiranosil-glucopiranosidbeta-d"},"content":{"rendered":"<p>La rutina es un cristal incoloro o de color amarillo claro, soluble en agua caliente, etanol y \u00e9ter, pero insoluble en disolventes org\u00e1nicos. Tiene actividades antioxidantes, antiinflamatorias, antibacterianas, antial\u00e9rgicas y otras.<\/p>\n<p><strong>Solicitud<\/strong><\/p>\n<p>En medicina se utiliza como agente antioxidante y antiinflamatorio, y suele utilizarse para tratar enfermedades cardiovasculares, combatir alergias, mejorar la microcirculaci\u00f3n, etc.<br \/>\nAdem\u00e1s, la rutina tambi\u00e9n se puede utilizar en alimentos y cosm\u00e9ticos como producto natural para la salud e ingrediente de belleza.<\/p>\n<p><strong>Embalaje y almacenamiento<\/strong><\/p>\n<p>25 KG\/BOLSA<\/p>\n<p>25 KG\/TAMBOR<\/p>","protected":false},"excerpt":{"rendered":"<p>Nombre del producto: Rutina<\/p>\n<p>CAS:153-18-4<\/p>\n<p>Frecuencia intermedia: C27H30O16<\/p>\n<p>Aspecto: cristal incoloro o amarillo claro.<\/p>","protected":false},"featured_media":2097,"template":"","meta":{"_acf_changed":false,"_gspb_post_css":""},"product_brand":[],"product_cat":[122,125],"product_tag":[],"class_list":{"0":"post-5797","1":"product","2":"type-product","3":"status-publish","4":"has-post-thumbnail","6":"product_cat-plant-extract","7":"product_cat-cosmetic-raw-materials","9":"first","10":"instock","11":"shipping-taxable","12":"product-type-simple"},"acf":[],"_links":{"self":[{"href":"https:\/\/wpachem.com\/es\/wp-json\/wp\/v2\/product\/5797","targetHints":{"allow":["GET"]}}],"collection":[{"href":"https:\/\/wpachem.com\/es\/wp-json\/wp\/v2\/product"}],"about":[{"href":"https:\/\/wpachem.com\/es\/wp-json\/wp\/v2\/types\/product"}],"version-history":[{"count":0,"href":"https:\/\/wpachem.com\/es\/wp-json\/wp\/v2\/product\/5797\/revisions"}],"wp:featuredmedia":[{"embeddable":true,"href":"https:\/\/wpachem.com\/es\/wp-json\/wp\/v2\/media\/2097"}],"wp:attachment":[{"href":"https:\/\/wpachem.com\/es\/wp-json\/wp\/v2\/media?parent=5797"}],"wp:term":[{"taxonomy":"product_brand","embeddable":true,"href":"https:\/\/wpachem.com\/es\/wp-json\/wp\/v2\/product_brand?post=5797"},{"taxonomy":"product_cat","embeddable":true,"href":"https:\/\/wpachem.com\/es\/wp-json\/wp\/v2\/product_cat?post=5797"},{"taxonomy":"product_tag","embeddable":true,"href":"https:\/\/wpachem.com\/es\/wp-json\/wp\/v2\/product_tag?post=5797"}],"curies":[{"name":"wp","href":"https:\/\/api.w.org\/{rel}","templated":true}]}}