{"id":5799,"date":"2024-02-02T06:24:31","date_gmt":"2024-02-02T06:24:31","guid":{"rendered":"https:\/\/wpachem.com\/?post_type=product&#038;p=5799"},"modified":"2024-02-05T08:30:12","modified_gmt":"2024-02-05T08:30:12","slug":"camipure-crystalline-cas-541-15-1-l-carnitine-3-hydroxy-4-trimethylammoniobutanoate","status":"publish","type":"product","link":"https:\/\/wpachem.com\/es\/producto\/camipure-crystalline-cas-541-15-1-l-carnitine-3-hydroxy-4-trimethylammoniobutanoate\/","title":{"rendered":"L \u2013 Camipure Crystalline CAS 541-15-1 L(-)-Carnitina 3-Hidroxi-4-(trimetilamonio)butanoato"},"content":{"rendered":"<p>La L-Carnitina es un s\u00f3lido cristalino blanco, inodoro.<\/p>\n<p><strong>Solicitud<\/strong><\/p>\n<p>La L-carnitina se utiliza ampliamente en los campos de la nutrici\u00f3n deportiva y el fitness como complemento para mejorar la condici\u00f3n f\u00edsica, promover el metabolismo de las grasas y perder peso.<\/p>\n<p><strong>Embalaje y almacenamiento<\/strong><\/p>\n<p>25 KG\/BOLSA<\/p>\n<p>25 KG\/TAMBOR<\/p>","protected":false},"excerpt":{"rendered":"<p>Nombre del producto: L-Carnitina<\/p>\n<p>CAS:541-15-1<\/p>\n<p>Frecuencia intermedia: C7H15NO3<\/p>\n<p>Aspecto: s\u00f3lido cristalino blanco<\/p>","protected":false},"featured_media":5175,"template":"","meta":{"_acf_changed":false,"_gspb_post_css":""},"product_brand":[],"product_cat":[55,103],"product_tag":[],"class_list":{"0":"post-5799","1":"product","2":"type-product","3":"status-publish","4":"has-post-thumbnail","6":"product_cat-food-additives","7":"product_cat-nutrition-enhancer","9":"first","10":"instock","11":"shipping-taxable","12":"product-type-simple"},"acf":[],"_links":{"self":[{"href":"https:\/\/wpachem.com\/es\/wp-json\/wp\/v2\/product\/5799","targetHints":{"allow":["GET"]}}],"collection":[{"href":"https:\/\/wpachem.com\/es\/wp-json\/wp\/v2\/product"}],"about":[{"href":"https:\/\/wpachem.com\/es\/wp-json\/wp\/v2\/types\/product"}],"version-history":[{"count":0,"href":"https:\/\/wpachem.com\/es\/wp-json\/wp\/v2\/product\/5799\/revisions"}],"wp:featuredmedia":[{"embeddable":true,"href":"https:\/\/wpachem.com\/es\/wp-json\/wp\/v2\/media\/5175"}],"wp:attachment":[{"href":"https:\/\/wpachem.com\/es\/wp-json\/wp\/v2\/media?parent=5799"}],"wp:term":[{"taxonomy":"product_brand","embeddable":true,"href":"https:\/\/wpachem.com\/es\/wp-json\/wp\/v2\/product_brand?post=5799"},{"taxonomy":"product_cat","embeddable":true,"href":"https:\/\/wpachem.com\/es\/wp-json\/wp\/v2\/product_cat?post=5799"},{"taxonomy":"product_tag","embeddable":true,"href":"https:\/\/wpachem.com\/es\/wp-json\/wp\/v2\/product_tag?post=5799"}],"curies":[{"name":"wp","href":"https:\/\/api.w.org\/{rel}","templated":true}]}}