{"id":5801,"date":"2024-02-02T06:27:53","date_gmt":"2024-02-02T06:27:53","guid":{"rendered":"https:\/\/wpachem.com\/?post_type=product&#038;p=5801"},"modified":"2024-02-02T06:31:25","modified_gmt":"2024-02-02T06:31:25","slug":"alpha-bisabolol-cas-515-69-5-6-methyl-2-4-methyl-3-cyclohexen-1-yl-5-hepten-2-ol","status":"publish","type":"product","link":"https:\/\/wpachem.com\/es\/producto\/alpha-bisabolol-cas-515-69-5-6-methyl-2-4-methyl-3-cyclohexen-1-yl-5-hepten-2-ol\/","title":{"rendered":"Alfa-bisabolol CAS 515-69-5 6-metil-2-(4-metil-3-ciclohexen-1-il)-5-hepten-2-ol"},"content":{"rendered":"<p>L\u00edquido incoloro o ligeramente amarillo.<\/p>\n<p><strong>Solicitud<\/strong><\/p>\n<p>\u2013 El bisabolol se utiliza habitualmente como reactivo en s\u00edntesis qu\u00edmica.<br \/>\n\u2013 Tambi\u00e9n es un agente reticulante utilizado en aplicaciones como polimerizaci\u00f3n en emulsi\u00f3n, pinturas y revestimientos.<\/p>\n<p><strong>Embalaje y almacenamiento<\/strong><\/p>\n<p>25 KG\/TAMBOR<\/p>","protected":false},"excerpt":{"rendered":"<p>Nombre del producto: alfa-Bisabolol<\/p>\n<p>CAS:515-69-5<\/p>\n<p>Frecuencia intermedia: C15H26O<\/p>\n<p>Aspecto: L\u00edquido incoloro o ligeramente amarillo.<\/p>","protected":false},"featured_media":2211,"template":"","meta":{"_acf_changed":false,"_gspb_post_css":""},"product_brand":[],"product_cat":[52],"product_tag":[],"class_list":{"0":"post-5801","1":"product","2":"type-product","3":"status-publish","4":"has-post-thumbnail","6":"product_cat-pigment","8":"first","9":"instock","10":"shipping-taxable","11":"product-type-simple"},"acf":[],"_links":{"self":[{"href":"https:\/\/wpachem.com\/es\/wp-json\/wp\/v2\/product\/5801","targetHints":{"allow":["GET"]}}],"collection":[{"href":"https:\/\/wpachem.com\/es\/wp-json\/wp\/v2\/product"}],"about":[{"href":"https:\/\/wpachem.com\/es\/wp-json\/wp\/v2\/types\/product"}],"version-history":[{"count":0,"href":"https:\/\/wpachem.com\/es\/wp-json\/wp\/v2\/product\/5801\/revisions"}],"wp:featuredmedia":[{"embeddable":true,"href":"https:\/\/wpachem.com\/es\/wp-json\/wp\/v2\/media\/2211"}],"wp:attachment":[{"href":"https:\/\/wpachem.com\/es\/wp-json\/wp\/v2\/media?parent=5801"}],"wp:term":[{"taxonomy":"product_brand","embeddable":true,"href":"https:\/\/wpachem.com\/es\/wp-json\/wp\/v2\/product_brand?post=5801"},{"taxonomy":"product_cat","embeddable":true,"href":"https:\/\/wpachem.com\/es\/wp-json\/wp\/v2\/product_cat?post=5801"},{"taxonomy":"product_tag","embeddable":true,"href":"https:\/\/wpachem.com\/es\/wp-json\/wp\/v2\/product_tag?post=5801"}],"curies":[{"name":"wp","href":"https:\/\/api.w.org\/{rel}","templated":true}]}}