{"id":5804,"date":"2024-02-04T09:47:52","date_gmt":"2024-02-04T09:47:52","guid":{"rendered":"https:\/\/wpachem.com\/?post_type=product&#038;p=5804"},"modified":"2024-02-04T09:47:52","modified_gmt":"2024-02-04T09:47:52","slug":"menediol%ef%bc%88pmd%ef%bc%89cas-42822-86-6","status":"publish","type":"product","link":"https:\/\/wpachem.com\/es\/producto\/menediol%ef%bc%88pmd%ef%bc%89cas-42822-86-6\/","title":{"rendered":"Menediol (PMD) CAS 42822-86-6"},"content":{"rendered":"<p><strong>Caracter\u00edstica<\/strong><\/p>\n<p>S\u00f3lido blanquecino, soluci\u00f3n de dipropilenglicol 10.00%. Menta<\/p>\n<p><strong>Solicitud:<\/strong><\/p>\n<ol>\n<li>Se puede utilizar como agente refrescante de alimentos y cosm\u00e9ticos.<\/li>\n<li>El menediol es una materia org\u00e1nica alcoh\u00f3lica que puede utilizarse como material farmac\u00e9utico.<\/li>\n<\/ol>","protected":false},"excerpt":{"rendered":"<p>Nombre del producto: Menediol (PMD)<\/p>\n<p>N.\u00ba CAS: 42822-86-6<\/p>\n<p>MF: C10H20O2<\/p>\n<p>Aspecto: S\u00f3lido blanquecino<\/p>","protected":false},"featured_media":5805,"template":"","meta":{"_acf_changed":false,"_gspb_post_css":""},"product_brand":[],"product_cat":[61],"product_tag":[],"class_list":{"0":"post-5804","1":"product","2":"type-product","3":"status-publish","4":"has-post-thumbnail","6":"product_cat-flavor-and-fragrance","8":"first","9":"instock","10":"shipping-taxable","11":"product-type-simple"},"acf":[],"_links":{"self":[{"href":"https:\/\/wpachem.com\/es\/wp-json\/wp\/v2\/product\/5804","targetHints":{"allow":["GET"]}}],"collection":[{"href":"https:\/\/wpachem.com\/es\/wp-json\/wp\/v2\/product"}],"about":[{"href":"https:\/\/wpachem.com\/es\/wp-json\/wp\/v2\/types\/product"}],"version-history":[{"count":0,"href":"https:\/\/wpachem.com\/es\/wp-json\/wp\/v2\/product\/5804\/revisions"}],"wp:featuredmedia":[{"embeddable":true,"href":"https:\/\/wpachem.com\/es\/wp-json\/wp\/v2\/media\/5805"}],"wp:attachment":[{"href":"https:\/\/wpachem.com\/es\/wp-json\/wp\/v2\/media?parent=5804"}],"wp:term":[{"taxonomy":"product_brand","embeddable":true,"href":"https:\/\/wpachem.com\/es\/wp-json\/wp\/v2\/product_brand?post=5804"},{"taxonomy":"product_cat","embeddable":true,"href":"https:\/\/wpachem.com\/es\/wp-json\/wp\/v2\/product_cat?post=5804"},{"taxonomy":"product_tag","embeddable":true,"href":"https:\/\/wpachem.com\/es\/wp-json\/wp\/v2\/product_tag?post=5804"}],"curies":[{"name":"wp","href":"https:\/\/api.w.org\/{rel}","templated":true}]}}