{"id":5816,"date":"2024-02-05T08:35:09","date_gmt":"2024-02-05T08:35:09","guid":{"rendered":"https:\/\/wpachem.com\/?post_type=product&#038;p=5816"},"modified":"2024-02-05T08:45:57","modified_gmt":"2024-02-05T08:45:57","slug":"paprika-oleoresin-cas-84625-29-6-capsicum-annuum-extract","status":"publish","type":"product","link":"https:\/\/wpachem.com\/es\/producto\/paprika-oleoresin-cas-84625-29-6-capsicum-annuum-extract\/","title":{"rendered":"OLEORESINA DE PIMENT\u00d3N CAS 84625-29-6 EXTRACTO DE CAPSICUM ANNUUM"},"content":{"rendered":"<p>Es polvo marr\u00f3n a polvo blanco.<\/p>\n<p><strong>Solicitud<\/strong><\/p>\n<p>Es ampliamente utilizado en alimentos, productos farmac\u00e9uticos, cosm\u00e9ticos y otros campos.<br \/>\nEn la industria alimentaria, se suele utilizar como condimento para dar un sabor picante a los alimentos.<br \/>\nTambi\u00e9n tiene ciertos beneficios para la salud y se utiliza como medicina herbaria y suplemento nutricional.<br \/>\nAdem\u00e1s, tambi\u00e9n se utiliza habitualmente en la fabricaci\u00f3n de salsa de chile, chile en polvo, aceite de chile y otros alimentos.<\/p>\n<p><strong>Embalaje y almacenamiento<\/strong><\/p>\n<p>25 KG\/TAMBOR<\/p>","protected":false},"excerpt":{"rendered":"<p>Nombre del producto: OLEORESINA DE PIMENT\u00d3N<\/p>\n<p>CAS: 84625-29-6<\/p>\n<p>Aspecto: polvo marr\u00f3n a polvo blanco<\/p>","protected":false},"featured_media":5134,"template":"","meta":{"_acf_changed":false,"_gspb_post_css":""},"product_brand":[],"product_cat":[55,124,122,103],"product_tag":[],"class_list":{"0":"post-5816","1":"product","2":"type-product","3":"status-publish","4":"has-post-thumbnail","6":"product_cat-food-additives","7":"product_cat-food-additives-plant-extract","8":"product_cat-plant-extract","9":"product_cat-nutrition-enhancer","11":"first","12":"instock","13":"shipping-taxable","14":"product-type-simple"},"acf":[],"_links":{"self":[{"href":"https:\/\/wpachem.com\/es\/wp-json\/wp\/v2\/product\/5816","targetHints":{"allow":["GET"]}}],"collection":[{"href":"https:\/\/wpachem.com\/es\/wp-json\/wp\/v2\/product"}],"about":[{"href":"https:\/\/wpachem.com\/es\/wp-json\/wp\/v2\/types\/product"}],"version-history":[{"count":0,"href":"https:\/\/wpachem.com\/es\/wp-json\/wp\/v2\/product\/5816\/revisions"}],"wp:featuredmedia":[{"embeddable":true,"href":"https:\/\/wpachem.com\/es\/wp-json\/wp\/v2\/media\/5134"}],"wp:attachment":[{"href":"https:\/\/wpachem.com\/es\/wp-json\/wp\/v2\/media?parent=5816"}],"wp:term":[{"taxonomy":"product_brand","embeddable":true,"href":"https:\/\/wpachem.com\/es\/wp-json\/wp\/v2\/product_brand?post=5816"},{"taxonomy":"product_cat","embeddable":true,"href":"https:\/\/wpachem.com\/es\/wp-json\/wp\/v2\/product_cat?post=5816"},{"taxonomy":"product_tag","embeddable":true,"href":"https:\/\/wpachem.com\/es\/wp-json\/wp\/v2\/product_tag?post=5816"}],"curies":[{"name":"wp","href":"https:\/\/api.w.org\/{rel}","templated":true}]}}