{"id":5818,"date":"2024-02-05T08:46:06","date_gmt":"2024-02-05T08:46:06","guid":{"rendered":"https:\/\/wpachem.com\/?post_type=product&#038;p=5818"},"modified":"2024-02-05T08:59:55","modified_gmt":"2024-02-05T08:59:55","slug":"carnosic-acid-cas-3650-09-7-saivia-p-e-phenanthrenecarboxylic-acid","status":"publish","type":"product","link":"https:\/\/wpachem.com\/es\/producto\/carnosic-acid-cas-3650-09-7-saivia-p-e-phenanthrenecarboxylic-acid\/","title":{"rendered":"\u00c1cido carn\u00f3sico CAS 3650-09-7 Saivia PE \u00c1cido fenantrenocarbox\u00edlico"},"content":{"rendered":"<p>El \u00e1cido carn\u00f3sico es un polvo blanco o amarillo-blanco.<\/p>\n<p><strong>Solicitud<\/strong><\/p>\n<p>Puede utilizarse como agente aromatizante para dar a los alimentos y bebidas un aroma a s\u00e1ndalo.<br \/>\nSe utiliza en la industria cosm\u00e9tica para elaborar productos como perfumes y jabones.<br \/>\nTambi\u00e9n se utiliza en la industria farmac\u00e9utica como conservante y componente de formulaciones farmac\u00e9uticas.<\/p>\n<p><strong>Embalaje y almacenamiento<\/strong><\/p>\n<p>25 KG\/TAMBOR<\/p>","protected":false},"excerpt":{"rendered":"<p>Nombre del producto: \u00c1cido carn\u00f3sico<\/p>\n<p>N\u00famero de serie: 3650-09-7<\/p>\n<p>Mb:C20H28O4<\/p>\n<p>Aspecto: polvo blanco o blanco amarillento<\/p>","protected":false},"featured_media":2176,"template":"","meta":{"_acf_changed":false,"_gspb_post_css":""},"product_brand":[],"product_cat":[60,135],"product_tag":[],"class_list":{"0":"post-5818","1":"product","2":"type-product","3":"status-publish","4":"has-post-thumbnail","6":"product_cat-cosmetic-ingredients","7":"product_cat-preservative-cosmetic-ingredients","9":"first","10":"instock","11":"shipping-taxable","12":"product-type-simple"},"acf":[],"_links":{"self":[{"href":"https:\/\/wpachem.com\/es\/wp-json\/wp\/v2\/product\/5818","targetHints":{"allow":["GET"]}}],"collection":[{"href":"https:\/\/wpachem.com\/es\/wp-json\/wp\/v2\/product"}],"about":[{"href":"https:\/\/wpachem.com\/es\/wp-json\/wp\/v2\/types\/product"}],"version-history":[{"count":0,"href":"https:\/\/wpachem.com\/es\/wp-json\/wp\/v2\/product\/5818\/revisions"}],"wp:featuredmedia":[{"embeddable":true,"href":"https:\/\/wpachem.com\/es\/wp-json\/wp\/v2\/media\/2176"}],"wp:attachment":[{"href":"https:\/\/wpachem.com\/es\/wp-json\/wp\/v2\/media?parent=5818"}],"wp:term":[{"taxonomy":"product_brand","embeddable":true,"href":"https:\/\/wpachem.com\/es\/wp-json\/wp\/v2\/product_brand?post=5818"},{"taxonomy":"product_cat","embeddable":true,"href":"https:\/\/wpachem.com\/es\/wp-json\/wp\/v2\/product_cat?post=5818"},{"taxonomy":"product_tag","embeddable":true,"href":"https:\/\/wpachem.com\/es\/wp-json\/wp\/v2\/product_tag?post=5818"}],"curies":[{"name":"wp","href":"https:\/\/api.w.org\/{rel}","templated":true}]}}