{"id":5820,"date":"2024-02-05T09:00:05","date_gmt":"2024-02-05T09:00:05","guid":{"rendered":"https:\/\/wpachem.com\/?post_type=product&#038;p=5820"},"modified":"2024-02-05T09:04:33","modified_gmt":"2024-02-05T09:04:33","slug":"triclosan-cas-3380-34-5-trichloro-2-hydroxydiphenylether-factory-supply-cosmetic-ingredients","status":"publish","type":"product","link":"https:\/\/wpachem.com\/es\/producto\/triclosan-cas-3380-34-5-trichloro-2-hydroxydiphenylether-factory-supply-cosmetic-ingredients\/","title":{"rendered":"Triclosan CAS 3380-34-5 Tricloro-2-hidroxidifenil\u00e9ter Suministro de f\u00e1brica Ingredientes cosm\u00e9ticos"},"content":{"rendered":"<p>Es un cristal incoloro o un s\u00f3lido blanco.<\/p>\n<p><strong>Solicitud<\/strong><\/p>\n<p>Se utiliza ampliamente en productos electr\u00f3nicos, pl\u00e1sticos, caucho, revestimientos, materiales de construcci\u00f3n y otros campos, y se puede utilizar como retardante de llama.<\/p>\n<p><strong>Embalaje y almacenamiento<\/strong><\/p>\n<p>25 KG\/BOLSA<\/p>\n<p>25 KG\/TAMBOR<\/p>","protected":false},"excerpt":{"rendered":"<p>Nombre del producto: Triclos\u00e1n<\/p>\n<p>CAS:3380-34-5<\/p>\n<p>MF:C12H7Cl3O2<\/p>\n<p>Aspecto: cristal incoloro o s\u00f3lido blanco<\/p>","protected":false},"featured_media":2123,"template":"","meta":{"_acf_changed":false,"_gspb_post_css":""},"product_brand":[],"product_cat":[62,76],"product_tag":[],"class_list":{"0":"post-5820","1":"product","2":"type-product","3":"status-publish","4":"has-post-thumbnail","6":"product_cat-rubberplastic-ingredients","7":"product_cat-others","9":"first","10":"instock","11":"shipping-taxable","12":"product-type-simple"},"acf":[],"_links":{"self":[{"href":"https:\/\/wpachem.com\/es\/wp-json\/wp\/v2\/product\/5820","targetHints":{"allow":["GET"]}}],"collection":[{"href":"https:\/\/wpachem.com\/es\/wp-json\/wp\/v2\/product"}],"about":[{"href":"https:\/\/wpachem.com\/es\/wp-json\/wp\/v2\/types\/product"}],"version-history":[{"count":0,"href":"https:\/\/wpachem.com\/es\/wp-json\/wp\/v2\/product\/5820\/revisions"}],"wp:featuredmedia":[{"embeddable":true,"href":"https:\/\/wpachem.com\/es\/wp-json\/wp\/v2\/media\/2123"}],"wp:attachment":[{"href":"https:\/\/wpachem.com\/es\/wp-json\/wp\/v2\/media?parent=5820"}],"wp:term":[{"taxonomy":"product_brand","embeddable":true,"href":"https:\/\/wpachem.com\/es\/wp-json\/wp\/v2\/product_brand?post=5820"},{"taxonomy":"product_cat","embeddable":true,"href":"https:\/\/wpachem.com\/es\/wp-json\/wp\/v2\/product_cat?post=5820"},{"taxonomy":"product_tag","embeddable":true,"href":"https:\/\/wpachem.com\/es\/wp-json\/wp\/v2\/product_tag?post=5820"}],"curies":[{"name":"wp","href":"https:\/\/api.w.org\/{rel}","templated":true}]}}