{"id":5822,"date":"2024-02-05T09:04:48","date_gmt":"2024-02-05T09:04:48","guid":{"rendered":"https:\/\/wpachem.com\/?post_type=product&#038;p=5822"},"modified":"2024-02-05T09:09:51","modified_gmt":"2024-02-05T09:09:51","slug":"ligustilide-cas-4431-01-0","status":"publish","type":"product","link":"https:\/\/wpachem.com\/es\/producto\/ligustilide-cas-4431-01-0\/","title":{"rendered":"Ligustilida CAS 4431-01-0"},"content":{"rendered":"<p>Es un l\u00edquido incoloro con aroma especial.<\/p>\n<p><strong>Solicitud<\/strong><\/p>\n<p>Es ampliamente utilizado en los campos de fabricaci\u00f3n de productos farmac\u00e9uticos y pesticidas.<br \/>\nEs una materia prima importante para la s\u00edntesis de muchos compuestos \u00fatiles, como ciertos f\u00e1rmacos, especias y reguladores del crecimiento de las plantas.<br \/>\nComo aromatizante y aditivo alimentario, la ligustilida tambi\u00e9n se utiliza para realzar el aroma y el sabor.<\/p>\n<p><strong>Embalaje y almacenamiento<\/strong><\/p>\n<p>25 KG\/BOLSA<\/p>\n<p>25 KG\/TAMBOR<\/p>","protected":false},"excerpt":{"rendered":"<p>Nombre del producto: Ligustilida<\/p>\n<p>CAS:4431-01-0<\/p>\n<p>Frecuencia intermedia: C7H15NO3<\/p>\n<p>Apariencia: C12H14O2<\/p>","protected":false},"featured_media":2089,"template":"","meta":{"_acf_changed":false,"_gspb_post_css":""},"product_brand":[],"product_cat":[55],"product_tag":[],"class_list":{"0":"post-5822","1":"product","2":"type-product","3":"status-publish","4":"has-post-thumbnail","6":"product_cat-food-additives","8":"first","9":"instock","10":"shipping-taxable","11":"product-type-simple"},"acf":[],"_links":{"self":[{"href":"https:\/\/wpachem.com\/es\/wp-json\/wp\/v2\/product\/5822","targetHints":{"allow":["GET"]}}],"collection":[{"href":"https:\/\/wpachem.com\/es\/wp-json\/wp\/v2\/product"}],"about":[{"href":"https:\/\/wpachem.com\/es\/wp-json\/wp\/v2\/types\/product"}],"version-history":[{"count":0,"href":"https:\/\/wpachem.com\/es\/wp-json\/wp\/v2\/product\/5822\/revisions"}],"wp:featuredmedia":[{"embeddable":true,"href":"https:\/\/wpachem.com\/es\/wp-json\/wp\/v2\/media\/2089"}],"wp:attachment":[{"href":"https:\/\/wpachem.com\/es\/wp-json\/wp\/v2\/media?parent=5822"}],"wp:term":[{"taxonomy":"product_brand","embeddable":true,"href":"https:\/\/wpachem.com\/es\/wp-json\/wp\/v2\/product_brand?post=5822"},{"taxonomy":"product_cat","embeddable":true,"href":"https:\/\/wpachem.com\/es\/wp-json\/wp\/v2\/product_cat?post=5822"},{"taxonomy":"product_tag","embeddable":true,"href":"https:\/\/wpachem.com\/es\/wp-json\/wp\/v2\/product_tag?post=5822"}],"curies":[{"name":"wp","href":"https:\/\/api.w.org\/{rel}","templated":true}]}}