{"id":5824,"date":"2024-02-05T09:10:03","date_gmt":"2024-02-05T09:10:03","guid":{"rendered":"https:\/\/wpachem.com\/?post_type=product&#038;p=5824"},"modified":"2024-02-05T09:18:08","modified_gmt":"2024-02-05T09:18:08","slug":"petroleum-jelly-white-cas-8009-03-8","status":"publish","type":"product","link":"https:\/\/wpachem.com\/es\/producto\/petroleum-jelly-white-cas-8009-03-8\/","title":{"rendered":"Jalea de petr\u00f3leo blanca CAS 8009-03-8"},"content":{"rendered":"<p>Es una sustancia semis\u00f3lida incolora o ligeramente amarilla.<\/p>\n<p><strong>Solicitud<\/strong><\/p>\n<p>En la industria farmac\u00e9utica, la vaselina se suele utilizar para elaborar ung\u00fcentos, cremas, cremas, etc. para proteger e hidratar la piel y reducir la inflamaci\u00f3n de la piel.<br \/>\nEn el campo de la belleza y el cuidado de la piel, la vaselina se a\u00f1ade a menudo a cremas para la piel, barras de labios, b\u00e1lsamos labiales y otros productos para proteger e hidratar la piel.<br \/>\nEn la industria, la vaselina tambi\u00e9n se utiliza como lubricante, sellador, agente aislante, aditivo para combustibles, etc.<\/p>\n<p><strong>Embalaje y almacenamiento<\/strong><\/p>\n<p>25 KG\/TAMBOR<\/p>","protected":false},"excerpt":{"rendered":"<p>Nombre del producto: jalea de petr\u00f3leo blanca<\/p>\n<p>CAS: 8009-03-8<\/p>\n<p>Frecuencia intermedia: C15H15N<\/p>\n<p>Aspecto: sustancia semis\u00f3lida incolora o ligeramente amarilla.<\/p>","protected":false},"featured_media":5825,"template":"","meta":{"_acf_changed":false,"_gspb_post_css":""},"product_brand":[],"product_cat":[60,136],"product_tag":[],"class_list":{"0":"post-5824","1":"product","2":"type-product","3":"status-publish","4":"has-post-thumbnail","6":"product_cat-cosmetic-ingredients","7":"product_cat-repairing","9":"first","10":"instock","11":"shipping-taxable","12":"product-type-simple"},"acf":[],"_links":{"self":[{"href":"https:\/\/wpachem.com\/es\/wp-json\/wp\/v2\/product\/5824","targetHints":{"allow":["GET"]}}],"collection":[{"href":"https:\/\/wpachem.com\/es\/wp-json\/wp\/v2\/product"}],"about":[{"href":"https:\/\/wpachem.com\/es\/wp-json\/wp\/v2\/types\/product"}],"version-history":[{"count":0,"href":"https:\/\/wpachem.com\/es\/wp-json\/wp\/v2\/product\/5824\/revisions"}],"wp:featuredmedia":[{"embeddable":true,"href":"https:\/\/wpachem.com\/es\/wp-json\/wp\/v2\/media\/5825"}],"wp:attachment":[{"href":"https:\/\/wpachem.com\/es\/wp-json\/wp\/v2\/media?parent=5824"}],"wp:term":[{"taxonomy":"product_brand","embeddable":true,"href":"https:\/\/wpachem.com\/es\/wp-json\/wp\/v2\/product_brand?post=5824"},{"taxonomy":"product_cat","embeddable":true,"href":"https:\/\/wpachem.com\/es\/wp-json\/wp\/v2\/product_cat?post=5824"},{"taxonomy":"product_tag","embeddable":true,"href":"https:\/\/wpachem.com\/es\/wp-json\/wp\/v2\/product_tag?post=5824"}],"curies":[{"name":"wp","href":"https:\/\/api.w.org\/{rel}","templated":true}]}}