{"id":5829,"date":"2024-02-05T09:41:32","date_gmt":"2024-02-05T09:41:32","guid":{"rendered":"https:\/\/wpachem.com\/?post_type=product&#038;p=5829"},"modified":"2024-02-05T09:49:33","modified_gmt":"2024-02-05T09:49:33","slug":"gentiopicrin-cas-20831-76-9","status":"publish","type":"product","link":"https:\/\/wpachem.com\/es\/producto\/gentiopicrin-cas-20831-76-9\/","title":{"rendered":"Gentiopicrina CAS 20831-76-9"},"content":{"rendered":"<p>Es un polvo cristalino de color amarillo claro.<\/p>\n<p><strong>Solicitud<\/strong><\/p>\n<p>1. Efecto antiinflamatorio: puede inhibir el proceso inflamatorio y reducir los s\u00edntomas relacionados con la inflamaci\u00f3n.<br \/>\n2. Estimular la secreci\u00f3n de bilis: el gentianopicr\u00f3sido puede estimular la secreci\u00f3n de bilis y ayudar a la digesti\u00f3n y eliminaci\u00f3n de desechos.<br \/>\n3. Efecto antioxidante: puede eliminar los radicales libres y reducir el da\u00f1o oxidativo a las c\u00e9lulas.<\/p>\n<p><strong>Embalaje y almacenamiento<\/strong><\/p>\n<p>25 KG\/TAMBOR<\/p>","protected":false},"excerpt":{"rendered":"<p>Nombre del producto: Gentiopicrina<\/p>\n<p>CAS:20831-76-9<\/p>\n<p>Frecuencia intermedia: C16H20O9<\/p>\n<p>Aspecto: polvo cristalino amarillo claro<\/p>","protected":false},"featured_media":5830,"template":"","meta":{"_acf_changed":false,"_gspb_post_css":""},"product_brand":[],"product_cat":[60,131],"product_tag":[],"class_list":{"0":"post-5829","1":"product","2":"type-product","3":"status-publish","4":"has-post-thumbnail","6":"product_cat-cosmetic-ingredients","7":"product_cat-antioxidant","9":"first","10":"instock","11":"shipping-taxable","12":"product-type-simple"},"acf":[],"_links":{"self":[{"href":"https:\/\/wpachem.com\/es\/wp-json\/wp\/v2\/product\/5829","targetHints":{"allow":["GET"]}}],"collection":[{"href":"https:\/\/wpachem.com\/es\/wp-json\/wp\/v2\/product"}],"about":[{"href":"https:\/\/wpachem.com\/es\/wp-json\/wp\/v2\/types\/product"}],"version-history":[{"count":0,"href":"https:\/\/wpachem.com\/es\/wp-json\/wp\/v2\/product\/5829\/revisions"}],"wp:featuredmedia":[{"embeddable":true,"href":"https:\/\/wpachem.com\/es\/wp-json\/wp\/v2\/media\/5830"}],"wp:attachment":[{"href":"https:\/\/wpachem.com\/es\/wp-json\/wp\/v2\/media?parent=5829"}],"wp:term":[{"taxonomy":"product_brand","embeddable":true,"href":"https:\/\/wpachem.com\/es\/wp-json\/wp\/v2\/product_brand?post=5829"},{"taxonomy":"product_cat","embeddable":true,"href":"https:\/\/wpachem.com\/es\/wp-json\/wp\/v2\/product_cat?post=5829"},{"taxonomy":"product_tag","embeddable":true,"href":"https:\/\/wpachem.com\/es\/wp-json\/wp\/v2\/product_tag?post=5829"}],"curies":[{"name":"wp","href":"https:\/\/api.w.org\/{rel}","templated":true}]}}