{"id":5832,"date":"2024-02-05T09:49:45","date_gmt":"2024-02-05T09:49:45","guid":{"rendered":"https:\/\/wpachem.com\/?post_type=product&#038;p=5832"},"modified":"2024-02-05T09:54:47","modified_gmt":"2024-02-05T09:54:47","slug":"vitamin-e-cas-59-02-9","status":"publish","type":"product","link":"https:\/\/wpachem.com\/es\/producto\/vitamin-e-cas-59-02-9\/","title":{"rendered":"Vitamina E CAS 59-02-9"},"content":{"rendered":"<p>La vitamina E suele ser un l\u00edquido aceitoso de color amarillo claro a tostado.<\/p>\n<p><strong>Solicitud<\/strong><\/p>\n<p>Suplemento nutricional: La vitamina E es uno de los nutrientes que necesita el cuerpo humano para ayudar a proteger las membranas celulares del da\u00f1o oxidativo.<br \/>\nProductos para el cuidado de la piel: La vitamina E se utiliza a menudo en productos para el cuidado de la piel. Tiene efectos antioxidantes e hidratantes y ayuda a mejorar la calidad de la piel.<br \/>\nAditivos alimentarios: La vitamina E se puede utilizar como aditivo alimentario, principalmente para prevenir la oxidaci\u00f3n de los componentes lip\u00eddicos de los alimentos y prolongar la vida \u00fatil de los alimentos.<\/p>\n<p><strong>Embalaje y almacenamiento<\/strong><\/p>\n<p>25 KG\/TAMBOR<\/p>","protected":false},"excerpt":{"rendered":"<p>Nombre del producto: Vitamina E<\/p>\n<p>N\u00famero de registro: 59-02-9<\/p>\n<p>Frecuencia intermedia: C29H50O2<\/p>\n<p>Aspecto: un l\u00edquido aceitoso de color amarillo claro a tostado.<\/p>","protected":false},"featured_media":3322,"template":"","meta":{"_acf_changed":false,"_gspb_post_css":""},"product_brand":[],"product_cat":[55,131,103,60],"product_tag":[],"class_list":{"0":"post-5832","1":"product","2":"type-product","3":"status-publish","4":"has-post-thumbnail","6":"product_cat-food-additives","7":"product_cat-antioxidant","8":"product_cat-nutrition-enhancer","9":"product_cat-cosmetic-ingredients","11":"first","12":"instock","13":"shipping-taxable","14":"product-type-simple"},"acf":[],"_links":{"self":[{"href":"https:\/\/wpachem.com\/es\/wp-json\/wp\/v2\/product\/5832","targetHints":{"allow":["GET"]}}],"collection":[{"href":"https:\/\/wpachem.com\/es\/wp-json\/wp\/v2\/product"}],"about":[{"href":"https:\/\/wpachem.com\/es\/wp-json\/wp\/v2\/types\/product"}],"version-history":[{"count":0,"href":"https:\/\/wpachem.com\/es\/wp-json\/wp\/v2\/product\/5832\/revisions"}],"wp:featuredmedia":[{"embeddable":true,"href":"https:\/\/wpachem.com\/es\/wp-json\/wp\/v2\/media\/3322"}],"wp:attachment":[{"href":"https:\/\/wpachem.com\/es\/wp-json\/wp\/v2\/media?parent=5832"}],"wp:term":[{"taxonomy":"product_brand","embeddable":true,"href":"https:\/\/wpachem.com\/es\/wp-json\/wp\/v2\/product_brand?post=5832"},{"taxonomy":"product_cat","embeddable":true,"href":"https:\/\/wpachem.com\/es\/wp-json\/wp\/v2\/product_cat?post=5832"},{"taxonomy":"product_tag","embeddable":true,"href":"https:\/\/wpachem.com\/es\/wp-json\/wp\/v2\/product_tag?post=5832"}],"curies":[{"name":"wp","href":"https:\/\/api.w.org\/{rel}","templated":true}]}}