{"id":5841,"date":"2024-02-06T07:05:49","date_gmt":"2024-02-06T07:05:49","guid":{"rendered":"https:\/\/wpachem.com\/?post_type=product&#038;p=5841"},"modified":"2024-02-06T07:07:01","modified_gmt":"2024-02-06T07:07:01","slug":"ethyl-oleate-cas-111-62-6","status":"publish","type":"product","link":"https:\/\/wpachem.com\/es\/producto\/ethyl-oleate-cas-111-62-6\/","title":{"rendered":"Oleato de etilo CAS 111-62-6"},"content":{"rendered":"<p><strong>Caracter\u00edstica<\/strong><\/p>\n<p>Es un buen agente fijador, diluyente o disolvente en la fragancia de las flores.<\/p>\n<p><strong>Solicitud:<\/strong><\/p>\n<ol>\n<li>Se utiliza como lubricante, agente resistente al agua y agente endurecedor de resina.<\/li>\n<li>Se utiliza en la preparaci\u00f3n de surfactantes y otros productos qu\u00edmicos org\u00e1nicos, as\u00ed como fragancias, excipientes medicinales, plastificantes y sustratos para ung\u00fcentos.<\/li>\n<\/ol>","protected":false},"excerpt":{"rendered":"<p>Nombre del producto: Oleato de etilo<\/p>\n<p>N.\u00ba CAS: 111-62-6<\/p>\n<p>MF: C20H38O2<\/p>\n<p>Aspecto: L\u00edquido aceitoso<\/p>","protected":false},"featured_media":5860,"template":"","meta":{"_acf_changed":false,"_gspb_post_css":""},"product_brand":[],"product_cat":[61],"product_tag":[],"class_list":{"0":"post-5841","1":"product","2":"type-product","3":"status-publish","4":"has-post-thumbnail","6":"product_cat-flavor-and-fragrance","8":"first","9":"instock","10":"shipping-taxable","11":"product-type-simple"},"acf":[],"_links":{"self":[{"href":"https:\/\/wpachem.com\/es\/wp-json\/wp\/v2\/product\/5841","targetHints":{"allow":["GET"]}}],"collection":[{"href":"https:\/\/wpachem.com\/es\/wp-json\/wp\/v2\/product"}],"about":[{"href":"https:\/\/wpachem.com\/es\/wp-json\/wp\/v2\/types\/product"}],"version-history":[{"count":0,"href":"https:\/\/wpachem.com\/es\/wp-json\/wp\/v2\/product\/5841\/revisions"}],"wp:featuredmedia":[{"embeddable":true,"href":"https:\/\/wpachem.com\/es\/wp-json\/wp\/v2\/media\/5860"}],"wp:attachment":[{"href":"https:\/\/wpachem.com\/es\/wp-json\/wp\/v2\/media?parent=5841"}],"wp:term":[{"taxonomy":"product_brand","embeddable":true,"href":"https:\/\/wpachem.com\/es\/wp-json\/wp\/v2\/product_brand?post=5841"},{"taxonomy":"product_cat","embeddable":true,"href":"https:\/\/wpachem.com\/es\/wp-json\/wp\/v2\/product_cat?post=5841"},{"taxonomy":"product_tag","embeddable":true,"href":"https:\/\/wpachem.com\/es\/wp-json\/wp\/v2\/product_tag?post=5841"}],"curies":[{"name":"wp","href":"https:\/\/api.w.org\/{rel}","templated":true}]}}