{"id":5843,"date":"2024-02-06T05:36:35","date_gmt":"2024-02-06T05:36:35","guid":{"rendered":"https:\/\/wpachem.com\/?post_type=product&#038;p=5843"},"modified":"2024-02-06T05:39:28","modified_gmt":"2024-02-06T05:39:28","slug":"123-propanetricarboxylic-acid-cas-55840-13-6","status":"publish","type":"product","link":"https:\/\/wpachem.com\/es\/producto\/123-propanetricarboxylic-acid-cas-55840-13-6\/","title":{"rendered":"\u00c1cido 1,2,3-propanotricarbox\u00edlico CAS 55840-13-6"},"content":{"rendered":"<p>Es un polvo blanco o un s\u00f3lido.<\/p>\n<p><strong>Solicitud<\/strong><\/p>\n<p>Cosm\u00e9ticos: El estearato-citrato de glicerilo se usa com\u00fanmente como estabilizador, emulsionante y espesante en cosm\u00e9ticos.<br \/>\nIndustria alimentaria: el compuesto tambi\u00e9n se utiliza como aditivo alimentario, como sustituto de grasa, lubricante alimentario y agente espesante.<br \/>\nIndustria farmac\u00e9utica: el estearato-citrato de glicerilo se puede utilizar como excipiente en preparaciones, como agentes de recubrimiento de c\u00e1psulas y disolventes.<\/p>\n<p><strong>Embalaje y almacenamiento<\/strong><\/p>\n<p>25 KG\/BOLSA<\/p>\n<p>25 KG\/TAMBOR<\/p>","protected":false},"excerpt":{"rendered":"<p>Nombre del producto: \u00c1cido 1,2,3-propanetricarbox\u00edlico<\/p>\n<p>N\u00famero de serie: 55840-13-6<\/p>\n<p>Color principal: C27H50O11<\/p>\n<p>Aspecto: polvo blanco<\/p>","protected":false},"featured_media":2181,"template":"","meta":{"_acf_changed":false,"_gspb_post_css":""},"product_brand":[],"product_cat":[55,133,134,58,60],"product_tag":[],"class_list":{"0":"post-5843","1":"product","2":"type-product","3":"status-publish","4":"has-post-thumbnail","6":"product_cat-food-additives","7":"product_cat-emulsifiers-cosmetic-ingredients","8":"product_cat-thickener","9":"product_cat-thicknerstablizer","10":"product_cat-cosmetic-ingredients","12":"first","13":"instock","14":"shipping-taxable","15":"product-type-simple"},"acf":[],"_links":{"self":[{"href":"https:\/\/wpachem.com\/es\/wp-json\/wp\/v2\/product\/5843","targetHints":{"allow":["GET"]}}],"collection":[{"href":"https:\/\/wpachem.com\/es\/wp-json\/wp\/v2\/product"}],"about":[{"href":"https:\/\/wpachem.com\/es\/wp-json\/wp\/v2\/types\/product"}],"version-history":[{"count":0,"href":"https:\/\/wpachem.com\/es\/wp-json\/wp\/v2\/product\/5843\/revisions"}],"wp:featuredmedia":[{"embeddable":true,"href":"https:\/\/wpachem.com\/es\/wp-json\/wp\/v2\/media\/2181"}],"wp:attachment":[{"href":"https:\/\/wpachem.com\/es\/wp-json\/wp\/v2\/media?parent=5843"}],"wp:term":[{"taxonomy":"product_brand","embeddable":true,"href":"https:\/\/wpachem.com\/es\/wp-json\/wp\/v2\/product_brand?post=5843"},{"taxonomy":"product_cat","embeddable":true,"href":"https:\/\/wpachem.com\/es\/wp-json\/wp\/v2\/product_cat?post=5843"},{"taxonomy":"product_tag","embeddable":true,"href":"https:\/\/wpachem.com\/es\/wp-json\/wp\/v2\/product_tag?post=5843"}],"curies":[{"name":"wp","href":"https:\/\/api.w.org\/{rel}","templated":true}]}}