{"id":5845,"date":"2024-02-06T05:39:38","date_gmt":"2024-02-06T05:39:38","guid":{"rendered":"https:\/\/wpachem.com\/?post_type=product&#038;p=5845"},"modified":"2024-02-06T05:45:33","modified_gmt":"2024-02-06T05:45:33","slug":"glycyrrhizicaciddipotassiumsalt-hydrate-cas-68797-35-3-dipotassium-glycyrrhizinate","status":"publish","type":"product","link":"https:\/\/wpachem.com\/es\/producto\/glycyrrhizicaciddipotassiumsalt-hydrate-cas-68797-35-3-dipotassium-glycyrrhizinate\/","title":{"rendered":"Glycyrrhizicaciddipotassiumsalt hidrato CAS 68797-35-3 GLICIRRIZINATO DIPOTASIO"},"content":{"rendered":"<p>Es un polvo cristalino blanco.<\/p>\n<p><strong>Solicitud<\/strong><\/p>\n<p>En el campo de la medicina, se utiliza a menudo para tratar la tos y la bronquitis, y puede calmar la garganta y los bronquios.<br \/>\nEn la industria alimentaria, se utiliza como aditivo alimentario para aportar dulzura y aumentar el sabor de los alimentos.<\/p>\n<p><strong>Embalaje y almacenamiento<\/strong><\/p>\n<p>25 KG\/BOLSA<\/p>\n<p>25 KG\/TAMBOR<\/p>","protected":false},"excerpt":{"rendered":"<p>Nombre del producto: Hidrato de sal dipot\u00e1sica del \u00e1cido glicirr\u00edcico<\/p>\n<p>CAS: 68797-35-3<\/p>\n<p>MF:C42H63KO16<\/p>\n<p>Aspecto: polvo cristalino blanco<\/p>","protected":false},"featured_media":5182,"template":"","meta":{"_acf_changed":false,"_gspb_post_css":""},"product_brand":[],"product_cat":[55,56],"product_tag":[],"class_list":{"0":"post-5845","1":"product","2":"type-product","3":"status-publish","4":"has-post-thumbnail","6":"product_cat-food-additives","7":"product_cat-sweetener","9":"first","10":"instock","11":"shipping-taxable","12":"product-type-simple"},"acf":[],"_links":{"self":[{"href":"https:\/\/wpachem.com\/es\/wp-json\/wp\/v2\/product\/5845","targetHints":{"allow":["GET"]}}],"collection":[{"href":"https:\/\/wpachem.com\/es\/wp-json\/wp\/v2\/product"}],"about":[{"href":"https:\/\/wpachem.com\/es\/wp-json\/wp\/v2\/types\/product"}],"version-history":[{"count":0,"href":"https:\/\/wpachem.com\/es\/wp-json\/wp\/v2\/product\/5845\/revisions"}],"wp:featuredmedia":[{"embeddable":true,"href":"https:\/\/wpachem.com\/es\/wp-json\/wp\/v2\/media\/5182"}],"wp:attachment":[{"href":"https:\/\/wpachem.com\/es\/wp-json\/wp\/v2\/media?parent=5845"}],"wp:term":[{"taxonomy":"product_brand","embeddable":true,"href":"https:\/\/wpachem.com\/es\/wp-json\/wp\/v2\/product_brand?post=5845"},{"taxonomy":"product_cat","embeddable":true,"href":"https:\/\/wpachem.com\/es\/wp-json\/wp\/v2\/product_cat?post=5845"},{"taxonomy":"product_tag","embeddable":true,"href":"https:\/\/wpachem.com\/es\/wp-json\/wp\/v2\/product_tag?post=5845"}],"curies":[{"name":"wp","href":"https:\/\/api.w.org\/{rel}","templated":true}]}}