{"id":5851,"date":"2024-02-06T06:15:16","date_gmt":"2024-02-06T06:15:16","guid":{"rendered":"https:\/\/wpachem.com\/?post_type=product&#038;p=5851"},"modified":"2024-02-06T06:21:03","modified_gmt":"2024-02-06T06:21:03","slug":"octyl-p-methoxycinnamate-cas-5466-77-3-2-ethylhexyl-2e-3-4-methoxyphenylprop-2-enoate","status":"publish","type":"product","link":"https:\/\/wpachem.com\/es\/producto\/octyl-p-methoxycinnamate-cas-5466-77-3-2-ethylhexyl-2e-3-4-methoxyphenylprop-2-enoate\/","title":{"rendered":"P-metoxicinamato de octilo CAS 5466-77-3 (2E) -3-(4-metoxifenil)prop-2-enoato de 2-etilhexilo"},"content":{"rendered":"<p>Es un l\u00edquido de incoloro a amarillo claro.<\/p>\n<p><strong>Solicitud<\/strong><\/p>\n<p>Fragancia: Por su arom\u00e1tico sabor a vainilla, es muy utilizado como ingrediente aromatizante en perfumes, jabones, cigarrillos, l\u00e1pices labiales y alimentos, etc.<br \/>\nConservante: Se utiliza como conservante en alimentos y bebidas para alargar su vida \u00fatil.<br \/>\nCosm\u00e9ticos: A menudo se utiliza en cosm\u00e9ticos y productos para el cuidado de la piel, como cremas y champ\u00fas, para aumentar su fragancia.<br \/>\nMedicamentos: En ocasiones se utilizan en la industria farmac\u00e9utica como aditivos con fines farmac\u00e9uticos o m\u00e9dicos.<\/p>\n<p><strong>Embalaje y almacenamiento<\/strong><\/p>\n<p>25 KG\/TAMBOR<\/p>","protected":false},"excerpt":{"rendered":"<p>Nombre del producto: octil P-metoxicinamato<\/p>\n<p>N\u00famero de serie: 5466-77-3<\/p>\n<p>Mb:C18H26O3<\/p>\n<p>Aspecto: l\u00edquido incoloro a amarillo claro.<\/p>","protected":false},"featured_media":3321,"template":"","meta":{"_acf_changed":false,"_gspb_post_css":""},"product_brand":[],"product_cat":[55,128,57,60],"product_tag":[],"class_list":{"0":"post-5851","1":"product","2":"type-product","3":"status-publish","4":"has-post-thumbnail","6":"product_cat-food-additives","7":"product_cat-tanning-agent","8":"product_cat-preservative","9":"product_cat-cosmetic-ingredients","11":"first","12":"instock","13":"shipping-taxable","14":"product-type-simple"},"acf":[],"_links":{"self":[{"href":"https:\/\/wpachem.com\/es\/wp-json\/wp\/v2\/product\/5851","targetHints":{"allow":["GET"]}}],"collection":[{"href":"https:\/\/wpachem.com\/es\/wp-json\/wp\/v2\/product"}],"about":[{"href":"https:\/\/wpachem.com\/es\/wp-json\/wp\/v2\/types\/product"}],"version-history":[{"count":0,"href":"https:\/\/wpachem.com\/es\/wp-json\/wp\/v2\/product\/5851\/revisions"}],"wp:featuredmedia":[{"embeddable":true,"href":"https:\/\/wpachem.com\/es\/wp-json\/wp\/v2\/media\/3321"}],"wp:attachment":[{"href":"https:\/\/wpachem.com\/es\/wp-json\/wp\/v2\/media?parent=5851"}],"wp:term":[{"taxonomy":"product_brand","embeddable":true,"href":"https:\/\/wpachem.com\/es\/wp-json\/wp\/v2\/product_brand?post=5851"},{"taxonomy":"product_cat","embeddable":true,"href":"https:\/\/wpachem.com\/es\/wp-json\/wp\/v2\/product_cat?post=5851"},{"taxonomy":"product_tag","embeddable":true,"href":"https:\/\/wpachem.com\/es\/wp-json\/wp\/v2\/product_tag?post=5851"}],"curies":[{"name":"wp","href":"https:\/\/api.w.org\/{rel}","templated":true}]}}