{"id":5859,"date":"2024-02-06T07:04:34","date_gmt":"2024-02-06T07:04:34","guid":{"rendered":"https:\/\/wpachem.com\/?post_type=product&#038;p=5859"},"modified":"2024-02-06T07:14:46","modified_gmt":"2024-02-06T07:14:46","slug":"curdlan-from-alcaligenes-faecalis-cas-54724-00-4","status":"publish","type":"product","link":"https:\/\/wpachem.com\/es\/producto\/curdlan-from-alcaligenes-faecalis-cas-54724-00-4\/","title":{"rendered":"curdlan de alcaligenes faecalis cas 54724-00-4"},"content":{"rendered":"<p>Es un polvo de color blanco a casi blanco, pr\u00e1cticamente inodoro.<\/p>\n<p><strong>Solicitud<\/strong><\/p>\n<p>1. Sistema de liberaci\u00f3n de f\u00e1rmacos: Curdlan se puede utilizar como portador de f\u00e1rmacos para lograr una liberaci\u00f3n lenta de los mismos en el organismo.<\/p>\n<p>2. Ingenier\u00eda de tejidos: Curdlan se puede utilizar como material de andamiaje para la ingenier\u00eda de tejidos y se puede utilizar en cultivos celulares, reparaci\u00f3n y regeneraci\u00f3n de tejidos, etc.<\/p>\n<p>3. Cosm\u00e9ticos y productos de cuidado personal: Curdlan se puede utilizar como humectante, espesante, suavizante y otros aditivos para mejorar la textura y la sensaci\u00f3n del producto.<\/p>\n<p><strong>Embalaje y almacenamiento<\/strong><\/p>\n<p>25 KG\/BOLSA<\/p>\n<p>25 KG\/TAMBOR<\/p>","protected":false},"excerpt":{"rendered":"<p>Nombre del producto: curdlan de alcaligenes faecalis<\/p>\n<p>N\u00famero de serie: 54724-00-4<\/p>\n<p>Aspecto: polvo blanco a casi blanco, casi inodoro.<\/p>","protected":false},"featured_media":2181,"template":"","meta":{"_acf_changed":false,"_gspb_post_css":""},"product_brand":[],"product_cat":[60,132,128,134],"product_tag":[],"class_list":{"0":"post-5859","1":"product","2":"type-product","3":"status-publish","4":"has-post-thumbnail","6":"product_cat-cosmetic-ingredients","7":"product_cat-moisturizing","8":"product_cat-tanning-agent","9":"product_cat-thickener","11":"first","12":"instock","13":"shipping-taxable","14":"product-type-simple"},"acf":[],"_links":{"self":[{"href":"https:\/\/wpachem.com\/es\/wp-json\/wp\/v2\/product\/5859","targetHints":{"allow":["GET"]}}],"collection":[{"href":"https:\/\/wpachem.com\/es\/wp-json\/wp\/v2\/product"}],"about":[{"href":"https:\/\/wpachem.com\/es\/wp-json\/wp\/v2\/types\/product"}],"version-history":[{"count":0,"href":"https:\/\/wpachem.com\/es\/wp-json\/wp\/v2\/product\/5859\/revisions"}],"wp:featuredmedia":[{"embeddable":true,"href":"https:\/\/wpachem.com\/es\/wp-json\/wp\/v2\/media\/2181"}],"wp:attachment":[{"href":"https:\/\/wpachem.com\/es\/wp-json\/wp\/v2\/media?parent=5859"}],"wp:term":[{"taxonomy":"product_brand","embeddable":true,"href":"https:\/\/wpachem.com\/es\/wp-json\/wp\/v2\/product_brand?post=5859"},{"taxonomy":"product_cat","embeddable":true,"href":"https:\/\/wpachem.com\/es\/wp-json\/wp\/v2\/product_cat?post=5859"},{"taxonomy":"product_tag","embeddable":true,"href":"https:\/\/wpachem.com\/es\/wp-json\/wp\/v2\/product_tag?post=5859"}],"curies":[{"name":"wp","href":"https:\/\/api.w.org\/{rel}","templated":true}]}}