{"id":5862,"date":"2024-02-06T07:26:35","date_gmt":"2024-02-06T07:26:35","guid":{"rendered":"https:\/\/wpachem.com\/?post_type=product&#038;p=5862"},"modified":"2024-02-06T07:26:35","modified_gmt":"2024-02-06T07:26:35","slug":"methyl-dihydrojasmonate-cas-24851-98-7","status":"publish","type":"product","link":"https:\/\/wpachem.com\/es\/producto\/methyl-dihydrojasmonate-cas-24851-98-7\/","title":{"rendered":"Dihidrojasmonato de metilo CAS 24851-98-7"},"content":{"rendered":"<p><strong>Caracter\u00edstica<\/strong><\/p>\n<p>L\u00edquido aceitoso transparente e incoloro con fragancia floral.<\/p>\n<p><strong>Solicitud:<\/strong><\/p>\n<ol>\n<li>Se puede utilizar para preparar aceite de jazm\u00edn artificial, base de jazm\u00edn y nardo. Utilizado en peque\u00f1as cantidades en el lirio de los valles, espesa y aporta una suave redondez.<\/li>\n<li>Tambi\u00e9n se utiliza en orqu\u00eddeas de coraz\u00f3n simples, de tipo oriental y en colonias nuevas, con un efecto muy agradable. Combina con fragancias amaderadas.<\/li>\n<\/ol>","protected":false},"excerpt":{"rendered":"<p>Nombre del producto: Dihidrojasmonato de metilo<\/p>\n<p>N.\u00ba CAS: 24851-98-7<\/p>\n<p>MF: C13H22O3<\/p>\n<p>Aspecto: L\u00edquido aceitoso incoloro transparente<\/p>","protected":false},"featured_media":5867,"template":"","meta":{"_acf_changed":false,"_gspb_post_css":""},"product_brand":[],"product_cat":[61],"product_tag":[],"class_list":{"0":"post-5862","1":"product","2":"type-product","3":"status-publish","4":"has-post-thumbnail","6":"product_cat-flavor-and-fragrance","8":"first","9":"instock","10":"shipping-taxable","11":"product-type-simple"},"acf":[],"_links":{"self":[{"href":"https:\/\/wpachem.com\/es\/wp-json\/wp\/v2\/product\/5862","targetHints":{"allow":["GET"]}}],"collection":[{"href":"https:\/\/wpachem.com\/es\/wp-json\/wp\/v2\/product"}],"about":[{"href":"https:\/\/wpachem.com\/es\/wp-json\/wp\/v2\/types\/product"}],"version-history":[{"count":0,"href":"https:\/\/wpachem.com\/es\/wp-json\/wp\/v2\/product\/5862\/revisions"}],"wp:featuredmedia":[{"embeddable":true,"href":"https:\/\/wpachem.com\/es\/wp-json\/wp\/v2\/media\/5867"}],"wp:attachment":[{"href":"https:\/\/wpachem.com\/es\/wp-json\/wp\/v2\/media?parent=5862"}],"wp:term":[{"taxonomy":"product_brand","embeddable":true,"href":"https:\/\/wpachem.com\/es\/wp-json\/wp\/v2\/product_brand?post=5862"},{"taxonomy":"product_cat","embeddable":true,"href":"https:\/\/wpachem.com\/es\/wp-json\/wp\/v2\/product_cat?post=5862"},{"taxonomy":"product_tag","embeddable":true,"href":"https:\/\/wpachem.com\/es\/wp-json\/wp\/v2\/product_tag?post=5862"}],"curies":[{"name":"wp","href":"https:\/\/api.w.org\/{rel}","templated":true}]}}