{"id":5870,"date":"2024-02-06T07:32:55","date_gmt":"2024-02-06T07:32:55","guid":{"rendered":"https:\/\/wpachem.com\/?post_type=product&#038;p=5870"},"modified":"2024-02-06T07:32:56","modified_gmt":"2024-02-06T07:32:56","slug":"lily-aldehyde-cas-80-54-6","status":"publish","type":"product","link":"https:\/\/wpachem.com\/es\/producto\/lily-aldehyde-cas-80-54-6\/","title":{"rendered":"aldeh\u00eddo de lirio CAS 80-54-6"},"content":{"rendered":"<p><strong>Caracter\u00edstica<\/strong><\/p>\n<p>De incoloro a amarillo claro con aroma floral. Se utiliza para mezclar lirios de los valles, orqu\u00eddeas jazm\u00edn, aromas orientales y flores.<\/p>\n<p><strong>Solicitud:<\/strong><\/p>\n<ol>\n<li>Ampliamente utilizado en cosm\u00e9tica y aromatizantes para jabones. Posee una fragancia excelente, que se puede combinar con otras flores y posee una buena adaptabilidad arom\u00e1tica, ideal para combinar con otras flores, almizcle y especias amaderadas.<\/li>\n<li>Se puede usar ampliamente en sabores como lirio, lirio de los valles, lila, flor de naranja, magnolia, plumeria, flor le\u00f1osa y flor de frijol dulce, y tambi\u00e9n se puede usar en orqu\u00eddea de coraz\u00f3n simple, incienso tipo oriental, tipo madera, base de almizcle y tipo fantas\u00eda.<\/li>\n<\/ol>","protected":false},"excerpt":{"rendered":"<p>Nombre del producto: aldeh\u00eddo de lirio<\/p>\n<p>N.\u00ba CAS: 80-54-6<\/p>\n<p>MF: C14H20O<\/p>\n<p>Aspecto: Incoloro a amarillo claro<\/p>","protected":false},"featured_media":5867,"template":"","meta":{"_acf_changed":false,"_gspb_post_css":""},"product_brand":[],"product_cat":[61],"product_tag":[],"class_list":{"0":"post-5870","1":"product","2":"type-product","3":"status-publish","4":"has-post-thumbnail","6":"product_cat-flavor-and-fragrance","8":"first","9":"instock","10":"shipping-taxable","11":"product-type-simple"},"acf":[],"_links":{"self":[{"href":"https:\/\/wpachem.com\/es\/wp-json\/wp\/v2\/product\/5870","targetHints":{"allow":["GET"]}}],"collection":[{"href":"https:\/\/wpachem.com\/es\/wp-json\/wp\/v2\/product"}],"about":[{"href":"https:\/\/wpachem.com\/es\/wp-json\/wp\/v2\/types\/product"}],"version-history":[{"count":0,"href":"https:\/\/wpachem.com\/es\/wp-json\/wp\/v2\/product\/5870\/revisions"}],"wp:featuredmedia":[{"embeddable":true,"href":"https:\/\/wpachem.com\/es\/wp-json\/wp\/v2\/media\/5867"}],"wp:attachment":[{"href":"https:\/\/wpachem.com\/es\/wp-json\/wp\/v2\/media?parent=5870"}],"wp:term":[{"taxonomy":"product_brand","embeddable":true,"href":"https:\/\/wpachem.com\/es\/wp-json\/wp\/v2\/product_brand?post=5870"},{"taxonomy":"product_cat","embeddable":true,"href":"https:\/\/wpachem.com\/es\/wp-json\/wp\/v2\/product_cat?post=5870"},{"taxonomy":"product_tag","embeddable":true,"href":"https:\/\/wpachem.com\/es\/wp-json\/wp\/v2\/product_tag?post=5870"}],"curies":[{"name":"wp","href":"https:\/\/api.w.org\/{rel}","templated":true}]}}