{"id":5874,"date":"2024-02-06T07:42:45","date_gmt":"2024-02-06T07:42:45","guid":{"rendered":"https:\/\/wpachem.com\/?post_type=product&#038;p=5874"},"modified":"2024-02-06T07:42:45","modified_gmt":"2024-02-06T07:42:45","slug":"guaiacol-cas-90-05-1","status":"publish","type":"product","link":"https:\/\/wpachem.com\/es\/producto\/guaiacol-cas-90-05-1\/","title":{"rendered":"Guayacol CAS 90-05-1"},"content":{"rendered":"<p><strong>Caracter\u00edstica<\/strong><\/p>\n<p>L\u00edquido oleoso cristalino blanco o amarillento, o transparente, de incoloro a amarillento. Tiene un aroma especial. Ligeramente soluble en agua y benceno. Soluble en glicerol. Miscible con etanol, \u00e9ter, cloroformo, aceite y \u00e1cido ac\u00e9tico glacial. Soluci\u00f3n de dipropilenglicol transparente, de incolora a amarillo claro, 1.00%. Olor fen\u00f3lico y amaderado.<\/p>\n<p><strong>Solicitud:<\/strong><\/p>\n<ol>\n<li>Se utiliza en productos intermedios farmac\u00e9uticos, colorantes y fragancias.<\/li>\n<li>Se utiliza en la s\u00edntesis de colorantes y como reactivo anal\u00edtico.<\/li>\n<li>En medicina, se utiliza para elaborar guayacolsulfonato de calcio, y en la industria de las fragancias, para elaborar vainillina y almizcle artificial. Prueba de cobre, \u00e1cido cianh\u00eddrico y nitrito.<\/li>\n<\/ol>","protected":false},"excerpt":{"rendered":"<p>Nombre del producto: Guaiacol<\/p>\n<p>N.\u00ba CAS: 90-05-1<\/p>\n<p>MF: C7H8O2<\/p>\n<p>Aspecto: l\u00edquido aceitoso transparente amarillento<\/p>","protected":false},"featured_media":4878,"template":"","meta":{"_acf_changed":false,"_gspb_post_css":""},"product_brand":[],"product_cat":[61],"product_tag":[],"class_list":{"0":"post-5874","1":"product","2":"type-product","3":"status-publish","4":"has-post-thumbnail","6":"product_cat-flavor-and-fragrance","8":"first","9":"instock","10":"shipping-taxable","11":"product-type-simple"},"acf":[],"_links":{"self":[{"href":"https:\/\/wpachem.com\/es\/wp-json\/wp\/v2\/product\/5874","targetHints":{"allow":["GET"]}}],"collection":[{"href":"https:\/\/wpachem.com\/es\/wp-json\/wp\/v2\/product"}],"about":[{"href":"https:\/\/wpachem.com\/es\/wp-json\/wp\/v2\/types\/product"}],"version-history":[{"count":0,"href":"https:\/\/wpachem.com\/es\/wp-json\/wp\/v2\/product\/5874\/revisions"}],"wp:featuredmedia":[{"embeddable":true,"href":"https:\/\/wpachem.com\/es\/wp-json\/wp\/v2\/media\/4878"}],"wp:attachment":[{"href":"https:\/\/wpachem.com\/es\/wp-json\/wp\/v2\/media?parent=5874"}],"wp:term":[{"taxonomy":"product_brand","embeddable":true,"href":"https:\/\/wpachem.com\/es\/wp-json\/wp\/v2\/product_brand?post=5874"},{"taxonomy":"product_cat","embeddable":true,"href":"https:\/\/wpachem.com\/es\/wp-json\/wp\/v2\/product_cat?post=5874"},{"taxonomy":"product_tag","embeddable":true,"href":"https:\/\/wpachem.com\/es\/wp-json\/wp\/v2\/product_tag?post=5874"}],"curies":[{"name":"wp","href":"https:\/\/api.w.org\/{rel}","templated":true}]}}