{"id":5881,"date":"2024-02-06T07:49:46","date_gmt":"2024-02-06T07:49:46","guid":{"rendered":"https:\/\/wpachem.com\/?post_type=product&#038;p=5881"},"modified":"2024-02-06T07:49:46","modified_gmt":"2024-02-06T07:49:46","slug":"methyl-salicylate-cas-119-36-8","status":"publish","type":"product","link":"https:\/\/wpachem.com\/es\/producto\/methyl-salicylate-cas-119-36-8\/","title":{"rendered":"Salicilato de metilo CAS 119-36-8"},"content":{"rendered":"<p><strong>Caracter\u00edstica<\/strong><\/p>\n<p>Soluci\u00f3n de dipropilenglicol 10.00%, transparente, incolora a amarillo claro, muy poco soluble en agua. Sabor a hierbabuena de invierno.<\/p>\n<p><strong>Solicitud:<\/strong><\/p>\n<ol>\n<li>Se utiliza como especia para alimentos, pasta de dientes y cosm\u00e9ticos, y tambi\u00e9n para fabricar analg\u00e9sicos, insecticidas, abrillantadores, tintas y otros disolventes y estimulantes.<\/li>\n<li>T\u00f3pico para dolores articulares o musculares. Absorbente de rayos ultravioleta en fragancias y protectores solares.<\/li>\n<\/ol>","protected":false},"excerpt":{"rendered":"<p>Nombre del producto: Salicilato de metilo<\/p>\n<p>N.\u00ba CAS: 119-36-8<\/p>\n<p>MF: C8H8O3<\/p>\n<p>Aspecto: L\u00edquido aceitoso transparente, incoloro a amarillo claro.<\/p>","protected":false},"featured_media":4787,"template":"","meta":{"_acf_changed":false,"_gspb_post_css":""},"product_brand":[],"product_cat":[61],"product_tag":[],"class_list":{"0":"post-5881","1":"product","2":"type-product","3":"status-publish","4":"has-post-thumbnail","6":"product_cat-flavor-and-fragrance","8":"first","9":"instock","10":"shipping-taxable","11":"product-type-simple"},"acf":[],"_links":{"self":[{"href":"https:\/\/wpachem.com\/es\/wp-json\/wp\/v2\/product\/5881","targetHints":{"allow":["GET"]}}],"collection":[{"href":"https:\/\/wpachem.com\/es\/wp-json\/wp\/v2\/product"}],"about":[{"href":"https:\/\/wpachem.com\/es\/wp-json\/wp\/v2\/types\/product"}],"version-history":[{"count":0,"href":"https:\/\/wpachem.com\/es\/wp-json\/wp\/v2\/product\/5881\/revisions"}],"wp:featuredmedia":[{"embeddable":true,"href":"https:\/\/wpachem.com\/es\/wp-json\/wp\/v2\/media\/4787"}],"wp:attachment":[{"href":"https:\/\/wpachem.com\/es\/wp-json\/wp\/v2\/media?parent=5881"}],"wp:term":[{"taxonomy":"product_brand","embeddable":true,"href":"https:\/\/wpachem.com\/es\/wp-json\/wp\/v2\/product_brand?post=5881"},{"taxonomy":"product_cat","embeddable":true,"href":"https:\/\/wpachem.com\/es\/wp-json\/wp\/v2\/product_cat?post=5881"},{"taxonomy":"product_tag","embeddable":true,"href":"https:\/\/wpachem.com\/es\/wp-json\/wp\/v2\/product_tag?post=5881"}],"curies":[{"name":"wp","href":"https:\/\/api.w.org\/{rel}","templated":true}]}}