{"id":5883,"date":"2024-02-06T07:47:04","date_gmt":"2024-02-06T07:47:04","guid":{"rendered":"https:\/\/wpachem.com\/?post_type=product&#038;p=5883"},"modified":"2024-02-06T07:49:10","modified_gmt":"2024-02-06T07:49:10","slug":"l-carnosine-cas-305-84-0","status":"publish","type":"product","link":"https:\/\/wpachem.com\/es\/producto\/l-carnosine-cas-305-84-0\/","title":{"rendered":"L-carnosina CAS 305-84-0"},"content":{"rendered":"<p>Es un polvo blanco.<\/p>\n<p><strong>Solicitud<\/strong><\/p>\n<p>Cosm\u00e9tico, tiene propiedades antioxidantes que reducen el da\u00f1o celular y el estr\u00e9s oxidativo.<br \/>\nMedicamentos y productos para la salud, tambi\u00e9n puede mejorar la funci\u00f3n del sistema inmunol\u00f3gico, mejorar la textura de la piel, promover la curaci\u00f3n de heridas y proteger el h\u00edgado.<\/p>\n<p><strong>Embalaje y almacenamiento<\/strong><\/p>\n<p>1 KG\/BOLSA<\/p>\n<p>&nbsp;<\/p>","protected":false},"excerpt":{"rendered":"<p>Nombre del producto: L-carnosina<\/p>\n<p>CAS:305-84-0<\/p>\n<p>Frecuencia intermedia: C9H14N4O3<\/p>\n<p>Aspecto: polvo blanco<\/p>","protected":false},"featured_media":5179,"template":"","meta":{"_acf_changed":false,"_gspb_post_css":""},"product_brand":[],"product_cat":[55,131,103,60],"product_tag":[],"class_list":{"0":"post-5883","1":"product","2":"type-product","3":"status-publish","4":"has-post-thumbnail","6":"product_cat-food-additives","7":"product_cat-antioxidant","8":"product_cat-nutrition-enhancer","9":"product_cat-cosmetic-ingredients","11":"first","12":"instock","13":"shipping-taxable","14":"product-type-simple"},"acf":[],"_links":{"self":[{"href":"https:\/\/wpachem.com\/es\/wp-json\/wp\/v2\/product\/5883","targetHints":{"allow":["GET"]}}],"collection":[{"href":"https:\/\/wpachem.com\/es\/wp-json\/wp\/v2\/product"}],"about":[{"href":"https:\/\/wpachem.com\/es\/wp-json\/wp\/v2\/types\/product"}],"version-history":[{"count":0,"href":"https:\/\/wpachem.com\/es\/wp-json\/wp\/v2\/product\/5883\/revisions"}],"wp:featuredmedia":[{"embeddable":true,"href":"https:\/\/wpachem.com\/es\/wp-json\/wp\/v2\/media\/5179"}],"wp:attachment":[{"href":"https:\/\/wpachem.com\/es\/wp-json\/wp\/v2\/media?parent=5883"}],"wp:term":[{"taxonomy":"product_brand","embeddable":true,"href":"https:\/\/wpachem.com\/es\/wp-json\/wp\/v2\/product_brand?post=5883"},{"taxonomy":"product_cat","embeddable":true,"href":"https:\/\/wpachem.com\/es\/wp-json\/wp\/v2\/product_cat?post=5883"},{"taxonomy":"product_tag","embeddable":true,"href":"https:\/\/wpachem.com\/es\/wp-json\/wp\/v2\/product_tag?post=5883"}],"curies":[{"name":"wp","href":"https:\/\/api.w.org\/{rel}","templated":true}]}}