{"id":5887,"date":"2024-02-06T07:53:20","date_gmt":"2024-02-06T07:53:20","guid":{"rendered":"https:\/\/wpachem.com\/?post_type=product&#038;p=5887"},"modified":"2024-02-06T07:53:20","modified_gmt":"2024-02-06T07:53:20","slug":"carvone-cas-99-49-0","status":"publish","type":"product","link":"https:\/\/wpachem.com\/es\/producto\/carvone-cas-99-49-0\/","title":{"rendered":"CARVONE CAS 99-49-0"},"content":{"rendered":"<p><strong>Caracter\u00edstica<\/strong><\/p>\n<p>L\u00edquido aceitoso de color naranja claro a marr\u00f3n claro, sabor a regaliz y menta<\/p>\n<p><strong>Solicitud:<\/strong><\/p>\n<ol>\n<li>Se utiliza como especia para alimentos, pasta de dientes y cosm\u00e9ticos, y tambi\u00e9n para fabricar analg\u00e9sicos, insecticidas, abrillantadores, tintas y otros disolventes y estimulantes.<\/li>\n<li>T\u00f3pico para dolores articulares o musculares. Absorbente de rayos ultravioleta en fragancias y protectores solares.<\/li>\n<\/ol>","protected":false},"excerpt":{"rendered":"<p>Nombre del producto: CARVONE<\/p>\n<p>N\u00famero de caja: 99-49-0<\/p>\n<p>MF: C10H14O<\/p>\n<p>Apariencia: L\u00edquido aceitoso de color naranja claro a marr\u00f3n claro.<\/p>","protected":false},"featured_media":5860,"template":"","meta":{"_acf_changed":false,"_gspb_post_css":""},"product_brand":[],"product_cat":[101],"product_tag":[],"class_list":{"0":"post-5887","1":"product","2":"type-product","3":"status-publish","4":"has-post-thumbnail","6":"product_cat-flavour-enhancer-food-additives","8":"first","9":"instock","10":"shipping-taxable","11":"product-type-simple"},"acf":[],"_links":{"self":[{"href":"https:\/\/wpachem.com\/es\/wp-json\/wp\/v2\/product\/5887","targetHints":{"allow":["GET"]}}],"collection":[{"href":"https:\/\/wpachem.com\/es\/wp-json\/wp\/v2\/product"}],"about":[{"href":"https:\/\/wpachem.com\/es\/wp-json\/wp\/v2\/types\/product"}],"version-history":[{"count":0,"href":"https:\/\/wpachem.com\/es\/wp-json\/wp\/v2\/product\/5887\/revisions"}],"wp:featuredmedia":[{"embeddable":true,"href":"https:\/\/wpachem.com\/es\/wp-json\/wp\/v2\/media\/5860"}],"wp:attachment":[{"href":"https:\/\/wpachem.com\/es\/wp-json\/wp\/v2\/media?parent=5887"}],"wp:term":[{"taxonomy":"product_brand","embeddable":true,"href":"https:\/\/wpachem.com\/es\/wp-json\/wp\/v2\/product_brand?post=5887"},{"taxonomy":"product_cat","embeddable":true,"href":"https:\/\/wpachem.com\/es\/wp-json\/wp\/v2\/product_cat?post=5887"},{"taxonomy":"product_tag","embeddable":true,"href":"https:\/\/wpachem.com\/es\/wp-json\/wp\/v2\/product_tag?post=5887"}],"curies":[{"name":"wp","href":"https:\/\/api.w.org\/{rel}","templated":true}]}}