{"id":5889,"date":"2024-02-06T07:59:02","date_gmt":"2024-02-06T07:59:02","guid":{"rendered":"https:\/\/wpachem.com\/?post_type=product&#038;p=5889"},"modified":"2024-02-06T07:59:03","modified_gmt":"2024-02-06T07:59:03","slug":"ethyl-cinnamate-cas-103-36-6","status":"publish","type":"product","link":"https:\/\/wpachem.com\/es\/producto\/ethyl-cinnamate-cas-103-36-6\/","title":{"rendered":"Cinamato de etilo CAS 103-36-6"},"content":{"rendered":"<p><strong>Caracter\u00edstica<\/strong><\/p>\n<p>Transparente, incoloro a amarillo claro, con aroma afrutado.<\/p>\n<p><strong>Solicitud:<\/strong><\/p>\n<p>Ampliamente utilizado en rosas, c\u00edtricos, narcisos, ambertia, orqu\u00eddeas de coraz\u00f3n simple y otros sabores, tambi\u00e9n se puede usar como fragancia de jab\u00f3n, en jab\u00f3n, el sabor en polvo puede coordinar con otros perfumes y tener un aroma fijo.<\/p>","protected":false},"excerpt":{"rendered":"<p>Nombre del producto: Cinamato de etilo<\/p>\n<p>N.\u00ba CAS: 103-36-6<\/p>\n<p>MF: C11H12O2<\/p>\n<p>Aspecto: L\u00edquido transparente, incoloro a amarillo claro.<\/p>","protected":false},"featured_media":3322,"template":"","meta":{"_acf_changed":false,"_gspb_post_css":""},"product_brand":[],"product_cat":[61],"product_tag":[],"class_list":{"0":"post-5889","1":"product","2":"type-product","3":"status-publish","4":"has-post-thumbnail","6":"product_cat-flavor-and-fragrance","8":"first","9":"instock","10":"shipping-taxable","11":"product-type-simple"},"acf":[],"_links":{"self":[{"href":"https:\/\/wpachem.com\/es\/wp-json\/wp\/v2\/product\/5889","targetHints":{"allow":["GET"]}}],"collection":[{"href":"https:\/\/wpachem.com\/es\/wp-json\/wp\/v2\/product"}],"about":[{"href":"https:\/\/wpachem.com\/es\/wp-json\/wp\/v2\/types\/product"}],"version-history":[{"count":0,"href":"https:\/\/wpachem.com\/es\/wp-json\/wp\/v2\/product\/5889\/revisions"}],"wp:featuredmedia":[{"embeddable":true,"href":"https:\/\/wpachem.com\/es\/wp-json\/wp\/v2\/media\/3322"}],"wp:attachment":[{"href":"https:\/\/wpachem.com\/es\/wp-json\/wp\/v2\/media?parent=5889"}],"wp:term":[{"taxonomy":"product_brand","embeddable":true,"href":"https:\/\/wpachem.com\/es\/wp-json\/wp\/v2\/product_brand?post=5889"},{"taxonomy":"product_cat","embeddable":true,"href":"https:\/\/wpachem.com\/es\/wp-json\/wp\/v2\/product_cat?post=5889"},{"taxonomy":"product_tag","embeddable":true,"href":"https:\/\/wpachem.com\/es\/wp-json\/wp\/v2\/product_tag?post=5889"}],"curies":[{"name":"wp","href":"https:\/\/api.w.org\/{rel}","templated":true}]}}