{"id":5890,"date":"2024-02-06T07:54:02","date_gmt":"2024-02-06T07:54:02","guid":{"rendered":"https:\/\/wpachem.com\/?post_type=product&#038;p=5890"},"modified":"2024-02-06T07:59:53","modified_gmt":"2024-02-06T07:59:53","slug":"chitosan-cas-9012-76-4","status":"publish","type":"product","link":"https:\/\/wpachem.com\/es\/producto\/chitosan-cas-9012-76-4\/","title":{"rendered":"Quitosano CAS 9012-76-4"},"content":{"rendered":"<p>Es un polvo blanco.<\/p>\n<p><strong>Solicitud<\/strong><\/p>\n<p>1. Campo farmac\u00e9utico: el quitosano se puede utilizar en sistemas de administraci\u00f3n de medicamentos, ap\u00f3sitos para heridas, \u00f3rganos artificiales y otros campos, y tiene buena biocompatibilidad y biodegradabilidad.<\/p>\n<p>2. Industria alimentaria: el quitosano se puede utilizar como espesante de alimentos, pel\u00edcula de embalaje, conservante, etc.<\/p>\n<p>3. Protecci\u00f3n del medio ambiente: el quitosano se puede utilizar como agente de tratamiento de aguas residuales, agente de separaci\u00f3n de agua y aceite, etc. Tiene degradabilidad y capacidad de eliminar iones de metales pesados.<\/p>\n<p><strong>Embalaje y almacenamiento<\/strong><\/p>\n<p>25 KG\/TAMBOR<\/p>\n<p>&nbsp;<\/p>","protected":false},"excerpt":{"rendered":"<p>Nombre del producto: Chitos\u00e1n<\/p>\n<p>CAS: 9012-76-4<\/p>\n<p>Frecuencia intermedia: C6H11NO4X2<\/p>\n<p>Aspecto: polvo blanco<\/p>","protected":false},"featured_media":5179,"template":"","meta":{"_acf_changed":false,"_gspb_post_css":""},"product_brand":[],"product_cat":[55,57,56,58],"product_tag":[],"class_list":{"0":"post-5890","1":"product","2":"type-product","3":"status-publish","4":"has-post-thumbnail","6":"product_cat-food-additives","7":"product_cat-preservative","8":"product_cat-sweetener","9":"product_cat-thicknerstablizer","11":"first","12":"instock","13":"shipping-taxable","14":"product-type-simple"},"acf":[],"_links":{"self":[{"href":"https:\/\/wpachem.com\/es\/wp-json\/wp\/v2\/product\/5890","targetHints":{"allow":["GET"]}}],"collection":[{"href":"https:\/\/wpachem.com\/es\/wp-json\/wp\/v2\/product"}],"about":[{"href":"https:\/\/wpachem.com\/es\/wp-json\/wp\/v2\/types\/product"}],"version-history":[{"count":0,"href":"https:\/\/wpachem.com\/es\/wp-json\/wp\/v2\/product\/5890\/revisions"}],"wp:featuredmedia":[{"embeddable":true,"href":"https:\/\/wpachem.com\/es\/wp-json\/wp\/v2\/media\/5179"}],"wp:attachment":[{"href":"https:\/\/wpachem.com\/es\/wp-json\/wp\/v2\/media?parent=5890"}],"wp:term":[{"taxonomy":"product_brand","embeddable":true,"href":"https:\/\/wpachem.com\/es\/wp-json\/wp\/v2\/product_brand?post=5890"},{"taxonomy":"product_cat","embeddable":true,"href":"https:\/\/wpachem.com\/es\/wp-json\/wp\/v2\/product_cat?post=5890"},{"taxonomy":"product_tag","embeddable":true,"href":"https:\/\/wpachem.com\/es\/wp-json\/wp\/v2\/product_tag?post=5890"}],"curies":[{"name":"wp","href":"https:\/\/api.w.org\/{rel}","templated":true}]}}