{"id":5893,"date":"2024-02-06T08:04:04","date_gmt":"2024-02-06T08:04:04","guid":{"rendered":"https:\/\/wpachem.com\/?post_type=product&#038;p=5893"},"modified":"2024-02-06T08:04:04","modified_gmt":"2024-02-06T08:04:04","slug":"dihydromyrcenol-cas-53219-21-9","status":"publish","type":"product","link":"https:\/\/wpachem.com\/es\/producto\/dihydromyrcenol-cas-53219-21-9\/","title":{"rendered":"Dihidromircenol CAS 53219-21-9"},"content":{"rendered":"<p><strong>Caracter\u00edstica<\/strong><\/p>\n<p>Se utiliza para lim\u00f3n blanco, colonia, sabor c\u00edtrico, un aceite incoloro y algo viscoso.<\/p>\n<p><strong>Solicitud:<\/strong><\/p>\n<p>Ampliamente utilizado en rosas, c\u00edtricos, narcisos, ambertia, orqu\u00eddeas de coraz\u00f3n simple y otros sabores, tambi\u00e9n se puede usar como fragancia de jab\u00f3n, en jab\u00f3n, el sabor en polvo puede coordinar con otros perfumes y tener un aroma fijo.<\/p>","protected":false},"excerpt":{"rendered":"<p>Nombre del producto: dihidromircenol<\/p>\n<p>N\u00famero de caja: 53219-21-9<\/p>\n<p>MF: C10H20O<\/p>\n<p>Aspecto: L\u00edquido incoloro con un fuerte y dulce aroma a colonia de lim\u00f3n blanco.<\/p>","protected":false},"featured_media":4878,"template":"","meta":{"_acf_changed":false,"_gspb_post_css":""},"product_brand":[],"product_cat":[61],"product_tag":[],"class_list":{"0":"post-5893","1":"product","2":"type-product","3":"status-publish","4":"has-post-thumbnail","6":"product_cat-flavor-and-fragrance","8":"first","9":"instock","10":"shipping-taxable","11":"product-type-simple"},"acf":[],"_links":{"self":[{"href":"https:\/\/wpachem.com\/es\/wp-json\/wp\/v2\/product\/5893","targetHints":{"allow":["GET"]}}],"collection":[{"href":"https:\/\/wpachem.com\/es\/wp-json\/wp\/v2\/product"}],"about":[{"href":"https:\/\/wpachem.com\/es\/wp-json\/wp\/v2\/types\/product"}],"version-history":[{"count":0,"href":"https:\/\/wpachem.com\/es\/wp-json\/wp\/v2\/product\/5893\/revisions"}],"wp:featuredmedia":[{"embeddable":true,"href":"https:\/\/wpachem.com\/es\/wp-json\/wp\/v2\/media\/4878"}],"wp:attachment":[{"href":"https:\/\/wpachem.com\/es\/wp-json\/wp\/v2\/media?parent=5893"}],"wp:term":[{"taxonomy":"product_brand","embeddable":true,"href":"https:\/\/wpachem.com\/es\/wp-json\/wp\/v2\/product_brand?post=5893"},{"taxonomy":"product_cat","embeddable":true,"href":"https:\/\/wpachem.com\/es\/wp-json\/wp\/v2\/product_cat?post=5893"},{"taxonomy":"product_tag","embeddable":true,"href":"https:\/\/wpachem.com\/es\/wp-json\/wp\/v2\/product_tag?post=5893"}],"curies":[{"name":"wp","href":"https:\/\/api.w.org\/{rel}","templated":true}]}}