{"id":5895,"date":"2024-02-06T08:00:05","date_gmt":"2024-02-06T08:00:05","guid":{"rendered":"https:\/\/wpachem.com\/?post_type=product&#038;p=5895"},"modified":"2024-02-06T08:23:59","modified_gmt":"2024-02-06T08:23:59","slug":"lecithin-hydrogenated-cas-92128-87-5","status":"publish","type":"product","link":"https:\/\/wpachem.com\/es\/producto\/lecithin-hydrogenated-cas-92128-87-5\/","title":{"rendered":"Lecitina hidrogenada CAS 92128-87-5"},"content":{"rendered":"<p>Son part\u00edculas amarillas.<\/p>\n<p><strong>Solicitud<\/strong><\/p>\n<p>La lecitina hidrogenada tiene una fuerte hidrofilicidad y propiedades hidratantes, y tiene una fuerte afinidad por la piel y las membranas mucosas. Se puede utilizar en f\u00f3rmulas cosm\u00e9ticas para hidratar, emulsionar, dispersar y resistir la oxidaci\u00f3n. Como surfactante, tambi\u00e9n tiene Puede acondicionar la piel para lograr un buen efecto de equilibrio aceite-agua y absorber mejor los nutrientes. En champ\u00fas y detergentes l\u00edquidos, la lecitina hidrogenada act\u00faa como un agente perlado. La lecitina hidrogenada tambi\u00e9n se puede utilizar para desarrollar ung\u00fcentos y humectantes para el cuidado de la piel. Crema de manos, b\u00e1lsamo labial, protector solar y otros productos cosm\u00e9ticos de alta gama.<\/p>\n<p><strong>Embalaje y almacenamiento<\/strong><\/p>\n<p>25 KG\/BOLSA<\/p>\n<p>&nbsp;<\/p>","protected":false},"excerpt":{"rendered":"<p>Nombre del producto: Lecitina hidrogenada<\/p>\n<p>N\u00famero de serie: 92128-87-5<\/p>\n<p>N\u00famero de modelo: C42H84NO8P<\/p>\n<p>Aspecto: part\u00edculas amarillas<\/p>","protected":false},"featured_media":5899,"template":"","meta":{"_acf_changed":false,"_gspb_post_css":""},"product_brand":[],"product_cat":[60,131,133,132],"product_tag":[],"class_list":{"0":"post-5895","1":"product","2":"type-product","3":"status-publish","4":"has-post-thumbnail","6":"product_cat-cosmetic-ingredients","7":"product_cat-antioxidant","8":"product_cat-emulsifiers-cosmetic-ingredients","9":"product_cat-moisturizing","11":"first","12":"instock","13":"shipping-taxable","14":"product-type-simple"},"acf":[],"_links":{"self":[{"href":"https:\/\/wpachem.com\/es\/wp-json\/wp\/v2\/product\/5895","targetHints":{"allow":["GET"]}}],"collection":[{"href":"https:\/\/wpachem.com\/es\/wp-json\/wp\/v2\/product"}],"about":[{"href":"https:\/\/wpachem.com\/es\/wp-json\/wp\/v2\/types\/product"}],"version-history":[{"count":0,"href":"https:\/\/wpachem.com\/es\/wp-json\/wp\/v2\/product\/5895\/revisions"}],"wp:featuredmedia":[{"embeddable":true,"href":"https:\/\/wpachem.com\/es\/wp-json\/wp\/v2\/media\/5899"}],"wp:attachment":[{"href":"https:\/\/wpachem.com\/es\/wp-json\/wp\/v2\/media?parent=5895"}],"wp:term":[{"taxonomy":"product_brand","embeddable":true,"href":"https:\/\/wpachem.com\/es\/wp-json\/wp\/v2\/product_brand?post=5895"},{"taxonomy":"product_cat","embeddable":true,"href":"https:\/\/wpachem.com\/es\/wp-json\/wp\/v2\/product_cat?post=5895"},{"taxonomy":"product_tag","embeddable":true,"href":"https:\/\/wpachem.com\/es\/wp-json\/wp\/v2\/product_tag?post=5895"}],"curies":[{"name":"wp","href":"https:\/\/api.w.org\/{rel}","templated":true}]}}