{"id":5898,"date":"2024-02-06T09:15:05","date_gmt":"2024-02-06T09:15:05","guid":{"rendered":"https:\/\/wpachem.com\/?post_type=product&#038;p=5898"},"modified":"2024-02-06T09:15:58","modified_gmt":"2024-02-06T09:15:58","slug":"fenchol-cas-1632-73-1","status":"publish","type":"product","link":"https:\/\/wpachem.com\/es\/producto\/fenchol-cas-1632-73-1\/","title":{"rendered":"Fencol CAS 1632-73-1"},"content":{"rendered":"<p><strong>Caracter\u00edstica<\/strong><\/p>\n<p>El alcohol fen\u00edlico es un l\u00edquido amarillo claro con un aroma a alcanforado y terroso. Es soluble en etanol, propilenglicol y la mayor\u00eda de los aceites no vol\u00e1tiles, e insoluble en agua.<\/p>\n<p><strong>Solicitud:<\/strong><\/p>\n<p>El alcohol fen\u00edlico se puede utilizar en refrescos, alimentos a base de agua, dulces, productos horneados; tambi\u00e9n se usa ampliamente en la preparaci\u00f3n de fragancias de hierbas, aromas de flores de tipo c\u00edtrico y cosm\u00e9ticos, y tambi\u00e9n se puede utilizar en suavizantes de telas y detergentes l\u00edquidos y otros productos qu\u00edmicos diarios.<\/p>","protected":false},"excerpt":{"rendered":"<p>Nombre del producto: Fenchol<\/p>\n<p>N.\u00ba CAS: 1632-73-1<\/p>\n<p>MF: C10H18O<\/p>\n<p>Aspecto: l\u00edquido amarillo claro<\/p>","protected":false},"featured_media":5867,"template":"","meta":{"_acf_changed":false,"_gspb_post_css":""},"product_brand":[],"product_cat":[61],"product_tag":[],"class_list":{"0":"post-5898","1":"product","2":"type-product","3":"status-publish","4":"has-post-thumbnail","6":"product_cat-flavor-and-fragrance","8":"first","9":"instock","10":"shipping-taxable","11":"product-type-simple"},"acf":[],"_links":{"self":[{"href":"https:\/\/wpachem.com\/es\/wp-json\/wp\/v2\/product\/5898","targetHints":{"allow":["GET"]}}],"collection":[{"href":"https:\/\/wpachem.com\/es\/wp-json\/wp\/v2\/product"}],"about":[{"href":"https:\/\/wpachem.com\/es\/wp-json\/wp\/v2\/types\/product"}],"version-history":[{"count":0,"href":"https:\/\/wpachem.com\/es\/wp-json\/wp\/v2\/product\/5898\/revisions"}],"wp:featuredmedia":[{"embeddable":true,"href":"https:\/\/wpachem.com\/es\/wp-json\/wp\/v2\/media\/5867"}],"wp:attachment":[{"href":"https:\/\/wpachem.com\/es\/wp-json\/wp\/v2\/media?parent=5898"}],"wp:term":[{"taxonomy":"product_brand","embeddable":true,"href":"https:\/\/wpachem.com\/es\/wp-json\/wp\/v2\/product_brand?post=5898"},{"taxonomy":"product_cat","embeddable":true,"href":"https:\/\/wpachem.com\/es\/wp-json\/wp\/v2\/product_cat?post=5898"},{"taxonomy":"product_tag","embeddable":true,"href":"https:\/\/wpachem.com\/es\/wp-json\/wp\/v2\/product_tag?post=5898"}],"curies":[{"name":"wp","href":"https:\/\/api.w.org\/{rel}","templated":true}]}}